{"id":9863,"date":"2023-04-19T14:03:31","date_gmt":"2023-04-19T17:03:31","guid":{"rendered":"http:\/\/www.cambe.pr.gov.br\/?page_id=9863"},"modified":"2023-04-19T14:07:00","modified_gmt":"2023-04-19T17:07:00","slug":"forum-e-conferencia-de-cultura-2023","status":"publish","type":"page","link":"https:\/\/www.cambe.pr.gov.br\/index.php\/secretarias\/secretarias\/cultura\/forum-e-conferencia-de-cultura-2023\/","title":{"rendered":"F\u00f3rum e Confer\u00eancia de Cultura 2023"},"content":{"rendered":"<p><img fetchpriority=\"high\" decoding=\"async\" class=\"wp-image-9864 size-medium alignleft\" src=\"https:\/\/www.cambe.pr.gov.br\/wp-content\/uploads\/2023\/04\/ForumCultura2023-225x300.jpeg\" alt=\"\" width=\"225\" height=\"300\" srcset=\"https:\/\/www.cambe.pr.gov.br\/wp-content\/uploads\/2023\/04\/ForumCultura2023-225x300.jpeg 225w, https:\/\/www.cambe.pr.gov.br\/wp-content\/uploads\/2023\/04\/ForumCultura2023-768x1024.jpeg 768w, https:\/\/www.cambe.pr.gov.br\/wp-content\/uploads\/2023\/04\/ForumCultura2023.jpeg 960w\" sizes=\"(max-width: 225px) 100vw, 225px\" \/>A Secretaria de Educa\u00e7\u00e3o e Cultura realizou o II F\u00f3rum Municipal de Cultura e a V Confer\u00eancia Municipal de Cultura, nos dias 28\/02 e 25\/03 respectivamente. Os eventos foram abertos para toda a popula\u00e7\u00e3o. Acesse o relat\u00f3rio para conferir como os encontros aconteceram e os resultados obtidos.<\/p>\n<p>&nbsp;<\/p>\n<p>&nbsp;<\/p>\n<div class='w3eden'><!-- WPDM Link Template: Default Template -->\n\n<div class=\"link-template-default card mb-2\">\n    <div class=\"card-body\">\n        <div class=\"media\">\n            <div class=\"mr-3 img-48\"><img decoding=\"async\" class=\"wpdm_icon\" alt=\"\u00edcone\" src=\"https:\/\/www.cambe.pr.gov.br\/wp-content\/plugins\/download-manager\/assets\/file-type-icons\/pdf.svg\" \/><\/div>\n            <div class=\"media-body\">\n                <h3 class=\"package-title\"><a href='https:\/\/www.cambe.pr.gov.br\/index.php\/download\/relatorio-do-forum-e-conferencia-de-cultura-2023\/'>Relat\u00f3rio do F\u00f3rum e Confer\u00eancia de Cultura 2023<\/a><\/h3>\n                <div class=\"text-muted text-small\"><i class=\"fas fa-copy\"><\/i> 1  arquivo(s) <i class=\"fas fa-hdd ml-3\"><\/i> 6.57 MB<\/div>\n            <\/div>\n            <div class=\"ml-3\">\n                <a class='wpdm-download-link download-on-click btn btn-primary ' rel='nofollow' href='#' data-downloadurl=\"https:\/\/www.cambe.pr.gov.br\/index.php\/download\/relatorio-do-forum-e-conferencia-de-cultura-2023\/?wpdmdl=9873&refresh=6a01f8ac804b21778514092\">Download<\/a>\n            <\/div>\n        <\/div>\n    <\/div>\n<\/div>\n\n<\/div>\n","protected":false},"excerpt":{"rendered":"<p>A Secretaria de Educa\u00e7\u00e3o e Cultura realizou o II F\u00f3rum Municipal de Cultura e a V Confer\u00eancia Municipal de Cultura, nos dias 28\/02 e 25\/03 respectivamente. Os eventos foram abertos para toda a popula\u00e7\u00e3o. Acesse o relat\u00f3rio para conferir como os encontros aconteceram e os resultados obtidos. &nbsp; &nbsp;<\/p>\n","protected":false},"author":1,"featured_media":0,"parent":3512,"menu_order":0,"comment_status":"closed","ping_status":"closed","template":"","meta":{"ngg_post_thumbnail":0,"footnotes":""},"class_list":["post-9863","page","type-page","status-publish","hentry"],"yoast_head":"<!-- This site is optimized with the Yoast SEO plugin v27.5 - https:\/\/yoast.com\/product\/yoast-seo-wordpress\/ -->\n<title>F\u00f3rum e Confer\u00eancia de Cultura 2023 - Prefeitura de Camb\u00e9<\/title>\n<meta name=\"robots\" content=\"index, follow, max-snippet:-1, max-image-preview:large, max-video-preview:-1\" \/>\n<link rel=\"canonical\" href=\"https:\/\/www.cambe.pr.gov.br\/index.php\/secretarias\/secretarias\/cultura\/forum-e-conferencia-de-cultura-2023\/\" \/>\n<meta property=\"og:locale\" content=\"pt_BR\" \/>\n<meta property=\"og:type\" content=\"article\" \/>\n<meta property=\"og:title\" content=\"F\u00f3rum e Confer\u00eancia de Cultura 2023 - Prefeitura de Camb\u00e9\" \/>\n<meta property=\"og:description\" content=\"A Secretaria de Educa\u00e7\u00e3o e Cultura realizou o II F\u00f3rum Municipal de Cultura e a V Confer\u00eancia Municipal de Cultura, nos dias 28\/02 e 25\/03 respectivamente. Os eventos foram abertos para toda a popula\u00e7\u00e3o. Acesse o relat\u00f3rio para conferir como os encontros aconteceram e os resultados obtidos. &nbsp; &nbsp;\" \/>\n<meta property=\"og:url\" content=\"https:\/\/www.cambe.pr.gov.br\/index.php\/secretarias\/secretarias\/cultura\/forum-e-conferencia-de-cultura-2023\/\" \/>\n<meta property=\"og:site_name\" content=\"Prefeitura de Camb\u00e9\" \/>\n<meta property=\"article:publisher\" content=\"https:\/\/m.facebook.com\/prefeituradecambe\" \/>\n<meta property=\"article:modified_time\" content=\"2023-04-19T17:07:00+00:00\" \/>\n<meta property=\"og:image\" content=\"http:\/\/www.cambe.pr.gov.br\/wp-content\/uploads\/2023\/04\/ForumCultura2023-225x300.jpeg\" \/>\n<meta name=\"twitter:card\" content=\"summary_large_image\" \/>\n<script type=\"application\/ld+json\" class=\"yoast-schema-graph\">{\"@context\":\"https:\\\/\\\/schema.org\",\"@graph\":[{\"@type\":\"WebPage\",\"@id\":\"https:\\\/\\\/www.cambe.pr.gov.br\\\/index.php\\\/secretarias\\\/secretarias\\\/cultura\\\/forum-e-conferencia-de-cultura-2023\\\/\",\"url\":\"https:\\\/\\\/www.cambe.pr.gov.br\\\/index.php\\\/secretarias\\\/secretarias\\\/cultura\\\/forum-e-conferencia-de-cultura-2023\\\/\",\"name\":\"F\u00f3rum e Confer\u00eancia de Cultura 2023 - Prefeitura de Camb\u00e9\",\"isPartOf\":{\"@id\":\"https:\\\/\\\/www.cambe.pr.gov.br\\\/#website\"},\"primaryImageOfPage\":{\"@id\":\"https:\\\/\\\/www.cambe.pr.gov.br\\\/index.php\\\/secretarias\\\/secretarias\\\/cultura\\\/forum-e-conferencia-de-cultura-2023\\\/#primaryimage\"},\"image\":{\"@id\":\"https:\\\/\\\/www.cambe.pr.gov.br\\\/index.php\\\/secretarias\\\/secretarias\\\/cultura\\\/forum-e-conferencia-de-cultura-2023\\\/#primaryimage\"},\"thumbnailUrl\":\"http:\\\/\\\/www.cambe.pr.gov.br\\\/wp-content\\\/uploads\\\/2023\\\/04\\\/ForumCultura2023-225x300.jpeg\",\"datePublished\":\"2023-04-19T17:03:31+00:00\",\"dateModified\":\"2023-04-19T17:07:00+00:00\",\"breadcrumb\":{\"@id\":\"https:\\\/\\\/www.cambe.pr.gov.br\\\/index.php\\\/secretarias\\\/secretarias\\\/cultura\\\/forum-e-conferencia-de-cultura-2023\\\/#breadcrumb\"},\"inLanguage\":\"pt-BR\",\"potentialAction\":[{\"@type\":\"ReadAction\",\"target\":[\"https:\\\/\\\/www.cambe.pr.gov.br\\\/index.php\\\/secretarias\\\/secretarias\\\/cultura\\\/forum-e-conferencia-de-cultura-2023\\\/\"]}]},{\"@type\":\"ImageObject\",\"inLanguage\":\"pt-BR\",\"@id\":\"https:\\\/\\\/www.cambe.pr.gov.br\\\/index.php\\\/secretarias\\\/secretarias\\\/cultura\\\/forum-e-conferencia-de-cultura-2023\\\/#primaryimage\",\"url\":\"http:\\\/\\\/www.cambe.pr.gov.br\\\/wp-content\\\/uploads\\\/2023\\\/04\\\/ForumCultura2023-225x300.jpeg\",\"contentUrl\":\"http:\\\/\\\/www.cambe.pr.gov.br\\\/wp-content\\\/uploads\\\/2023\\\/04\\\/ForumCultura2023-225x300.jpeg\"},{\"@type\":\"BreadcrumbList\",\"@id\":\"https:\\\/\\\/www.cambe.pr.gov.br\\\/index.php\\\/secretarias\\\/secretarias\\\/cultura\\\/forum-e-conferencia-de-cultura-2023\\\/#breadcrumb\",\"itemListElement\":[{\"@type\":\"ListItem\",\"position\":1,\"name\":\"In\u00edcio\",\"item\":\"https:\\\/\\\/www.cambe.pr.gov.br\\\/\"},{\"@type\":\"ListItem\",\"position\":2,\"name\":\"Estrutura Administrativa\",\"item\":\"https:\\\/\\\/www.cambe.pr.gov.br\\\/index.php\\\/secretarias\\\/\"},{\"@type\":\"ListItem\",\"position\":3,\"name\":\"Secretarias\",\"item\":\"https:\\\/\\\/www.cambe.pr.gov.br\\\/index.php\\\/secretarias\\\/secretarias\\\/\"},{\"@type\":\"ListItem\",\"position\":4,\"name\":\"Cultura\",\"item\":\"https:\\\/\\\/www.cambe.pr.gov.br\\\/index.php\\\/secretarias\\\/secretarias\\\/cultura\\\/\"},{\"@type\":\"ListItem\",\"position\":5,\"name\":\"F\u00f3rum e Confer\u00eancia de Cultura 2023\"}]},{\"@type\":\"WebSite\",\"@id\":\"https:\\\/\\\/www.cambe.pr.gov.br\\\/#website\",\"url\":\"https:\\\/\\\/www.cambe.pr.gov.br\\\/\",\"name\":\"Prefeitura de Camb\u00e9\",\"description\":\"UM GOVERNO PARA TODOS\",\"publisher\":{\"@id\":\"https:\\\/\\\/www.cambe.pr.gov.br\\\/#organization\"},\"potentialAction\":[{\"@type\":\"SearchAction\",\"target\":{\"@type\":\"EntryPoint\",\"urlTemplate\":\"https:\\\/\\\/www.cambe.pr.gov.br\\\/?s={search_term_string}\"},\"query-input\":{\"@type\":\"PropertyValueSpecification\",\"valueRequired\":true,\"valueName\":\"search_term_string\"}}],\"inLanguage\":\"pt-BR\"},{\"@type\":\"Organization\",\"@id\":\"https:\\\/\\\/www.cambe.pr.gov.br\\\/#organization\",\"name\":\"Prefeitura de Camb\u00e9\",\"url\":\"https:\\\/\\\/www.cambe.pr.gov.br\\\/\",\"logo\":{\"@type\":\"ImageObject\",\"inLanguage\":\"pt-BR\",\"@id\":\"https:\\\/\\\/www.cambe.pr.gov.br\\\/#\\\/schema\\\/logo\\\/image\\\/\",\"url\":\"https:\\\/\\\/www.cambe.pr.gov.br\\\/wp-content\\\/uploads\\\/2021\\\/01\\\/cropped-cropped-cambe_brazao-icone.png\",\"contentUrl\":\"https:\\\/\\\/www.cambe.pr.gov.br\\\/wp-content\\\/uploads\\\/2021\\\/01\\\/cropped-cropped-cambe_brazao-icone.png\",\"width\":240,\"height\":240,\"caption\":\"Prefeitura de Camb\u00e9\"},\"image\":{\"@id\":\"https:\\\/\\\/www.cambe.pr.gov.br\\\/#\\\/schema\\\/logo\\\/image\\\/\"},\"sameAs\":[\"https:\\\/\\\/m.facebook.com\\\/prefeituradecambe\"]}]}<\/script>\n<!-- \/ Yoast SEO plugin. -->","yoast_head_json":{"title":"F\u00f3rum e Confer\u00eancia de Cultura 2023 - Prefeitura de Camb\u00e9","robots":{"index":"index","follow":"follow","max-snippet":"max-snippet:-1","max-image-preview":"max-image-preview:large","max-video-preview":"max-video-preview:-1"},"canonical":"https:\/\/www.cambe.pr.gov.br\/index.php\/secretarias\/secretarias\/cultura\/forum-e-conferencia-de-cultura-2023\/","og_locale":"pt_BR","og_type":"article","og_title":"F\u00f3rum e Confer\u00eancia de Cultura 2023 - Prefeitura de Camb\u00e9","og_description":"A Secretaria de Educa\u00e7\u00e3o e Cultura realizou o II F\u00f3rum Municipal de Cultura e a V Confer\u00eancia Municipal de Cultura, nos dias 28\/02 e 25\/03 respectivamente. Os eventos foram abertos para toda a popula\u00e7\u00e3o. Acesse o relat\u00f3rio para conferir como os encontros aconteceram e os resultados obtidos. &nbsp; &nbsp;","og_url":"https:\/\/www.cambe.pr.gov.br\/index.php\/secretarias\/secretarias\/cultura\/forum-e-conferencia-de-cultura-2023\/","og_site_name":"Prefeitura de Camb\u00e9","article_publisher":"https:\/\/m.facebook.com\/prefeituradecambe","article_modified_time":"2023-04-19T17:07:00+00:00","og_image":[{"url":"http:\/\/www.cambe.pr.gov.br\/wp-content\/uploads\/2023\/04\/ForumCultura2023-225x300.jpeg","type":"","width":"","height":""}],"twitter_card":"summary_large_image","schema":{"@context":"https:\/\/schema.org","@graph":[{"@type":"WebPage","@id":"https:\/\/www.cambe.pr.gov.br\/index.php\/secretarias\/secretarias\/cultura\/forum-e-conferencia-de-cultura-2023\/","url":"https:\/\/www.cambe.pr.gov.br\/index.php\/secretarias\/secretarias\/cultura\/forum-e-conferencia-de-cultura-2023\/","name":"F\u00f3rum e Confer\u00eancia de Cultura 2023 - Prefeitura de Camb\u00e9","isPartOf":{"@id":"https:\/\/www.cambe.pr.gov.br\/#website"},"primaryImageOfPage":{"@id":"https:\/\/www.cambe.pr.gov.br\/index.php\/secretarias\/secretarias\/cultura\/forum-e-conferencia-de-cultura-2023\/#primaryimage"},"image":{"@id":"https:\/\/www.cambe.pr.gov.br\/index.php\/secretarias\/secretarias\/cultura\/forum-e-conferencia-de-cultura-2023\/#primaryimage"},"thumbnailUrl":"http:\/\/www.cambe.pr.gov.br\/wp-content\/uploads\/2023\/04\/ForumCultura2023-225x300.jpeg","datePublished":"2023-04-19T17:03:31+00:00","dateModified":"2023-04-19T17:07:00+00:00","breadcrumb":{"@id":"https:\/\/www.cambe.pr.gov.br\/index.php\/secretarias\/secretarias\/cultura\/forum-e-conferencia-de-cultura-2023\/#breadcrumb"},"inLanguage":"pt-BR","potentialAction":[{"@type":"ReadAction","target":["https:\/\/www.cambe.pr.gov.br\/index.php\/secretarias\/secretarias\/cultura\/forum-e-conferencia-de-cultura-2023\/"]}]},{"@type":"ImageObject","inLanguage":"pt-BR","@id":"https:\/\/www.cambe.pr.gov.br\/index.php\/secretarias\/secretarias\/cultura\/forum-e-conferencia-de-cultura-2023\/#primaryimage","url":"http:\/\/www.cambe.pr.gov.br\/wp-content\/uploads\/2023\/04\/ForumCultura2023-225x300.jpeg","contentUrl":"http:\/\/www.cambe.pr.gov.br\/wp-content\/uploads\/2023\/04\/ForumCultura2023-225x300.jpeg"},{"@type":"BreadcrumbList","@id":"https:\/\/www.cambe.pr.gov.br\/index.php\/secretarias\/secretarias\/cultura\/forum-e-conferencia-de-cultura-2023\/#breadcrumb","itemListElement":[{"@type":"ListItem","position":1,"name":"In\u00edcio","item":"https:\/\/www.cambe.pr.gov.br\/"},{"@type":"ListItem","position":2,"name":"Estrutura Administrativa","item":"https:\/\/www.cambe.pr.gov.br\/index.php\/secretarias\/"},{"@type":"ListItem","position":3,"name":"Secretarias","item":"https:\/\/www.cambe.pr.gov.br\/index.php\/secretarias\/secretarias\/"},{"@type":"ListItem","position":4,"name":"Cultura","item":"https:\/\/www.cambe.pr.gov.br\/index.php\/secretarias\/secretarias\/cultura\/"},{"@type":"ListItem","position":5,"name":"F\u00f3rum e Confer\u00eancia de Cultura 2023"}]},{"@type":"WebSite","@id":"https:\/\/www.cambe.pr.gov.br\/#website","url":"https:\/\/www.cambe.pr.gov.br\/","name":"Prefeitura de Camb\u00e9","description":"UM GOVERNO PARA TODOS","publisher":{"@id":"https:\/\/www.cambe.pr.gov.br\/#organization"},"potentialAction":[{"@type":"SearchAction","target":{"@type":"EntryPoint","urlTemplate":"https:\/\/www.cambe.pr.gov.br\/?s={search_term_string}"},"query-input":{"@type":"PropertyValueSpecification","valueRequired":true,"valueName":"search_term_string"}}],"inLanguage":"pt-BR"},{"@type":"Organization","@id":"https:\/\/www.cambe.pr.gov.br\/#organization","name":"Prefeitura de Camb\u00e9","url":"https:\/\/www.cambe.pr.gov.br\/","logo":{"@type":"ImageObject","inLanguage":"pt-BR","@id":"https:\/\/www.cambe.pr.gov.br\/#\/schema\/logo\/image\/","url":"https:\/\/www.cambe.pr.gov.br\/wp-content\/uploads\/2021\/01\/cropped-cropped-cambe_brazao-icone.png","contentUrl":"https:\/\/www.cambe.pr.gov.br\/wp-content\/uploads\/2021\/01\/cropped-cropped-cambe_brazao-icone.png","width":240,"height":240,"caption":"Prefeitura de Camb\u00e9"},"image":{"@id":"https:\/\/www.cambe.pr.gov.br\/#\/schema\/logo\/image\/"},"sameAs":["https:\/\/m.facebook.com\/prefeituradecambe"]}]}},"_links":{"self":[{"href":"https:\/\/www.cambe.pr.gov.br\/index.php\/wp-json\/wp\/v2\/pages\/9863","targetHints":{"allow":["GET"]}}],"collection":[{"href":"https:\/\/www.cambe.pr.gov.br\/index.php\/wp-json\/wp\/v2\/pages"}],"about":[{"href":"https:\/\/www.cambe.pr.gov.br\/index.php\/wp-json\/wp\/v2\/types\/page"}],"author":[{"embeddable":true,"href":"https:\/\/www.cambe.pr.gov.br\/index.php\/wp-json\/wp\/v2\/users\/1"}],"replies":[{"embeddable":true,"href":"https:\/\/www.cambe.pr.gov.br\/index.php\/wp-json\/wp\/v2\/comments?post=9863"}],"version-history":[{"count":10,"href":"https:\/\/www.cambe.pr.gov.br\/index.php\/wp-json\/wp\/v2\/pages\/9863\/revisions"}],"predecessor-version":[{"id":9875,"href":"https:\/\/www.cambe.pr.gov.br\/index.php\/wp-json\/wp\/v2\/pages\/9863\/revisions\/9875"}],"up":[{"embeddable":true,"href":"https:\/\/www.cambe.pr.gov.br\/index.php\/wp-json\/wp\/v2\/pages\/3512"}],"wp:attachment":[{"href":"https:\/\/www.cambe.pr.gov.br\/index.php\/wp-json\/wp\/v2\/media?parent=9863"}],"curies":[{"name":"wp","href":"https:\/\/api.w.org\/{rel}","templated":true}]}}