{"id":393,"date":"2021-01-20T13:54:39","date_gmt":"2021-01-20T16:54:39","guid":{"rendered":"http:\/\/www.cambe.pr.gov.br\/?page_id=393"},"modified":"2021-03-22T09:10:18","modified_gmt":"2021-03-22T12:10:18","slug":"licitacoes-anteriores-2021","status":"publish","type":"page","link":"https:\/\/www.cambe.pr.gov.br\/index.php\/licitacoes-anteriores-2021\/","title":{"rendered":"Licita\u00e7\u00f5es"},"content":{"rendered":"\t\t<div data-elementor-type=\"wp-page\" data-elementor-id=\"393\" class=\"elementor elementor-393\">\n\t\t\t\t\t\t<section class=\"elementor-section elementor-top-section elementor-element elementor-element-51aade9 elementor-section-full_width elementor-section-height-default elementor-section-height-default\" data-id=\"51aade9\" data-element_type=\"section\" data-e-type=\"section\">\n\t\t\t\t\t\t<div class=\"elementor-container elementor-column-gap-default\">\n\t\t\t\t\t<div class=\"elementor-column elementor-col-100 elementor-top-column elementor-element elementor-element-42498e2\" data-id=\"42498e2\" data-element_type=\"column\" data-e-type=\"column\">\n\t\t\t<div class=\"elementor-widget-wrap elementor-element-populated\">\n\t\t\t\t\t\t<div class=\"elementor-element elementor-element-40c05d5 elementor-widget elementor-widget-text-editor\" data-id=\"40c05d5\" data-element_type=\"widget\" data-e-type=\"widget\" data-widget_type=\"text-editor.default\">\n\t\t\t\t<div class=\"elementor-widget-container\">\n\t\t\t\t\t\t\t\t\t<p>Acompanhe as licita\u00e7\u00f5es pelo Portal de Transpar\u00eancia do Munic\u00edpio, menu Administrativo.\u00a0<a href=\"http:\/\/transparencia.cambe.pr.gov.br:8092\/portal\/index.xhtml\">CLIQUE AQUI.<\/a><\/p>\t\t\t\t\t\t\t\t<\/div>\n\t\t\t\t<\/div>\n\t\t\t\t\t<\/div>\n\t\t<\/div>\n\t\t\t\t\t<\/div>\n\t\t<\/section>\n\t\t\t\t<section class=\"elementor-section elementor-top-section elementor-element elementor-element-804f9ae elementor-section-full_width elementor-section-height-default elementor-section-height-default\" data-id=\"804f9ae\" data-element_type=\"section\" data-e-type=\"section\">\n\t\t\t\t\t\t<div class=\"elementor-container elementor-column-gap-default\">\n\t\t\t\t\t<div class=\"elementor-column elementor-col-100 elementor-top-column elementor-element elementor-element-6cc9edb\" data-id=\"6cc9edb\" data-element_type=\"column\" data-e-type=\"column\">\n\t\t\t<div class=\"elementor-widget-wrap elementor-element-populated\">\n\t\t\t\t\t\t<div class=\"elementor-element elementor-element-6242833 elementor-widget elementor-widget-heading\" data-id=\"6242833\" data-element_type=\"widget\" data-e-type=\"widget\" data-widget_type=\"heading.default\">\n\t\t\t\t<div class=\"elementor-widget-container\">\n\t\t\t\t\t<h3 class=\"elementor-heading-title elementor-size-default\">Documentos<\/h3>\t\t\t\t<\/div>\n\t\t\t\t<\/div>\n\t\t\t\t\t<\/div>\n\t\t<\/div>\n\t\t\t\t\t<\/div>\n\t\t<\/section>\n\t\t\t\t<section class=\"elementor-section elementor-top-section elementor-element elementor-element-897b221 elementor-section-full_width elementor-section-height-default elementor-section-height-default\" data-id=\"897b221\" data-element_type=\"section\" data-e-type=\"section\">\n\t\t\t\t\t\t<div class=\"elementor-container elementor-column-gap-default\">\n\t\t\t\t\t<div class=\"elementor-column elementor-col-100 elementor-top-column elementor-element elementor-element-ae29609\" data-id=\"ae29609\" data-element_type=\"column\" data-e-type=\"column\">\n\t\t\t<div class=\"elementor-widget-wrap elementor-element-populated\">\n\t\t\t\t\t\t<div class=\"elementor-element elementor-element-ff53e3e elementor-widget elementor-widget-html\" data-id=\"ff53e3e\" data-element_type=\"widget\" data-e-type=\"widget\" data-widget_type=\"html.default\">\n\t\t\t\t<div class=\"elementor-widget-container\">\n\t\t\t\t\t<div class='w3eden'>\n    <div class=''>\n\n        <form method=\"get\" class=\"\" data-container=\"#content_wpdm_package_1\" id=\"sc_form_wpdm_package_1\" style=\"margin-bottom: 15px\">\n    \n            <div class=\"card panel panel-default wpdm-shortcode-toolbar\">\n                <div class=\"card-body panel-body\">\n                    <div class=\"row\">\n                        <div class=\"col-lg-6 col-md-12\">\n                            <input type=\"search\" name=\"skw\" value=\"\" placeholder=\"Pesquisar palavra-chave ...\" class=\"form-control\" \/>\n                        <\/div>\n                        <div class=\"col-lg-2 col-md-4\">\n                            <select name=\"orderby\" class=\"wpdm-custom-select custom-select\">\n                                <option value=\"date\" disabled=\"disabled\">Ordenar por:<\/option>\n                                <option value=\"date\" >Publica\u00e7\u00e3o<\/option>\n                                <option value=\"title\" >T\u00edtulo<\/option>\n                                <option value=\"update_date\" >Atualiza\u00e7\u00e3o<\/option>\n                                <option value=\"downloads\" >Downloads<\/option>\n                                <option value=\"views\" >Visualiza\u00e7\u00f5es<\/option>\n                            <\/select>\n                        <\/div>\n                        <div class=\"col-lg-2 col-md-4\">\n                            <select name=\"order\" class=\"wpdm-custom-select custom-select\">\n                                <option value=\"desc\" disabled=\"disabled\">Ordernar:<\/option>\n                                <option value=\"desc\" >Desc.<\/option>\n                                <option value=\"asc\" >Asc.<\/option>\n                            <\/select>\n                        <\/div>\n                        <div class=\"col-lg-2 col-md-4\">\n                            <button type=\"submit\" class=\"btn btn-info btn-block\">Filtrar<\/button>\n                        <\/div>\n                    <\/div>\n                <\/div>\n            <\/div>\n\n            <\/form>\n<div class=\"spacer mb-3 d-block clearfix\"><\/div>\n\n        <div id=\"content_wpdm_package_1\">\n            <div class='row'><div class='col-lg-12 col-md-6 col-12'><!-- WPDM Link Template: Default Template (Extended) -->\n\n<div class=\"card card-default\">\n    <div class=\"card-body\">\n \n    <div class=\"media\">\n        <div class=\"pull-left\"><img decoding=\"async\" class=\"wpdm_icon\" alt=\"\u00edcone\" src=\"https:\/\/www.cambe.pr.gov.br\/wp-content\/plugins\/download-manager\/assets\/file-type-icons\/dwg.svg\" \/><\/div>\n        <div class=\"media-body\"><strong class=\"ptitle\">Modelo Carimbo Projeto DIGITAL V2025_11_24<\/strong>\n            \n            <div><strong><a class='wpdm-download-link download-on-click btn btn-primary ' rel='nofollow' href='#' data-downloadurl=\"https:\/\/www.cambe.pr.gov.br\/index.php\/download\/modelo-carimbo-projeto-digital\/?wpdmdl=15042&refresh=69fd21d7c75861778196951\">Download<\/a><\/strong><\/div>\n        <\/div>\n    <\/div>\n \n \n    <\/div>\n    <div class=\"card-footer\"><span class=\"pull-right\">1049 downloads<\/span>839 KB<\/div>\n<\/div><\/div><div class='col-lg-12 col-md-6 col-12'><!-- WPDM Link Template: Default Template (Extended) -->\n\n<div class=\"card card-default\">\n    <div class=\"card-body\">\n \n    <div class=\"media\">\n        <div class=\"pull-left\"><img decoding=\"async\" class=\"wpdm_icon\" alt=\"\u00edcone\" src=\"https:\/\/www.cambe.pr.gov.br\/wp-content\/plugins\/download-manager\/assets\/file-type-icons\/pdf.svg\" \/><\/div>\n        <div class=\"media-body\"><strong class=\"ptitle\">Padr\u00e3o Passeio PMC - Lote Esquina<\/strong>\n            \n            <div><strong><a class='wpdm-download-link download-on-click btn btn-primary ' rel='nofollow' href='#' data-downloadurl=\"https:\/\/www.cambe.pr.gov.br\/index.php\/download\/padrao-passeio-pmc-lote-esquina-2\/?wpdmdl=13373&refresh=69fd21d7ebcfc1778196951\">Download<\/a><\/strong><\/div>\n        <\/div>\n    <\/div>\n \n \n    <\/div>\n    <div class=\"card-footer\"><span class=\"pull-right\">534 downloads<\/span>315.06 KB<\/div>\n<\/div><\/div><div class='col-lg-12 col-md-6 col-12'><!-- WPDM Link Template: Default Template (Extended) -->\n\n<div class=\"card card-default\">\n    <div class=\"card-body\">\n \n    <div class=\"media\">\n        <div class=\"pull-left\"><img decoding=\"async\" class=\"wpdm_icon\" alt=\"\u00edcone\" src=\"https:\/\/www.cambe.pr.gov.br\/wp-content\/plugins\/download-manager\/assets\/file-type-icons\/pdf.svg\" \/><\/div>\n        <div class=\"media-body\"><strong class=\"ptitle\">Padr\u00e3o Passeio PMC - Lote Meio Quadra<\/strong>\n            \n            <div><strong><a class='wpdm-download-link download-on-click btn btn-primary ' rel='nofollow' href='#' data-downloadurl=\"https:\/\/www.cambe.pr.gov.br\/index.php\/download\/padrao-passeio-pmc-lote-meio-quadra-2\/?wpdmdl=13372&refresh=69fd21d818d9d1778196952\">Download<\/a><\/strong><\/div>\n        <\/div>\n    <\/div>\n \n \n    <\/div>\n    <div class=\"card-footer\"><span class=\"pull-right\">556 downloads<\/span>1.10 MB<\/div>\n<\/div><\/div><div class='col-lg-12 col-md-6 col-12'><!-- WPDM Link Template: Default Template (Extended) -->\n\n<div class=\"card card-default\">\n    <div class=\"card-body\">\n \n    <div class=\"media\">\n        <div class=\"pull-left\"><img decoding=\"async\" class=\"wpdm_icon\" alt=\"\u00edcone\" src=\"https:\/\/www.cambe.pr.gov.br\/wp-content\/plugins\/download-manager\/assets\/file-type-icons\/pdf.svg\" \/><\/div>\n        <div class=\"media-body\"><strong class=\"ptitle\">Instru\u00e7\u00e3o Normativa 004 - Regulamenta\u00e7\u00e3o de Pavimentos Perme\u00e1veis e Po\u00e7o de Infiltra\u00e7\u00e3o<\/strong>\n            <p>Disp\u00f5e sobre a regulamenta\u00e7\u00e3o do uso de pavimentos perme\u00e1veis e dispositivos que permitam a infiltra\u00e7\u00e3o da \u00e1gua no solo nos termos da LEI N\u00ba 3.015 de 23 de outubro de 2020 do Zoneamento de Uso e Ocupa\u00e7\u00e3o do Solo Urbano e a regulamenta\u00e7\u00e3o do uso de po\u00e7o de infiltra\u00e7\u00e3o como alternativa ao atendimento dos aspectos relacionados \u00e0 redu\u00e7\u00e3o ou aus\u00eancia de taxa de permeabilidade previstos na LEI N\u00ba 051 de 24 de setembro de 2020 do C\u00f3digo de Edifica\u00e7\u00f5es e Obras do Munic\u00edpio de Camb\u00e9 e d\u00e1 outras providencias.<\/p>\n\n            <div><strong><a class='wpdm-download-link download-on-click btn btn-primary ' rel='nofollow' href='#' data-downloadurl=\"https:\/\/www.cambe.pr.gov.br\/index.php\/download\/instrucao-normativa-004-regulamentacao-de-pavimentos-permeaveis-e-poco-de-infiltracao\/?wpdmdl=4809&refresh=69fd21d8371861778196952\">Download<\/a><\/strong><\/div>\n        <\/div>\n    <\/div>\n \n \n    <\/div>\n    <div class=\"card-footer\"><span class=\"pull-right\">956 downloads<\/span>72.52 KB<\/div>\n<\/div><\/div><div class='col-lg-12 col-md-6 col-12'><!-- WPDM Link Template: Default Template (Extended) -->\n\n<div class=\"card card-default\">\n    <div class=\"card-body\">\n \n    <div class=\"media\">\n        <div class=\"pull-left\"><img decoding=\"async\" class=\"wpdm_icon\" alt=\"\u00edcone\" src=\"https:\/\/www.cambe.pr.gov.br\/wp-content\/plugins\/download-manager\/assets\/file-type-icons\/pdf.svg\" \/><\/div>\n        <div class=\"media-body\"><strong class=\"ptitle\">Requerimento Padr\u00e3o - Regulariza\u00e7\u00e3o de Obra Antiga Existente Anterior a FEV 2022<\/strong>\n            <p>Requerimento padr\u00e3o para regulariza\u00e7\u00e3o de edifica\u00e7\u00e3o consolidada anterior a fevereiro 2022.<\/p>\n\n            <div><strong><a class='wpdm-download-link download-on-click btn btn-primary ' rel='nofollow' href='#' data-downloadurl=\"https:\/\/www.cambe.pr.gov.br\/index.php\/download\/requerimento-padrao-regularizacao-de-obra-antiga-existente\/?wpdmdl=4225&refresh=69fd21d8554721778196952\">Download<\/a><\/strong><\/div>\n        <\/div>\n    <\/div>\n \n \n    <\/div>\n    <div class=\"card-footer\"><span class=\"pull-right\">1296 downloads<\/span>170.37 KB<\/div>\n<\/div><\/div><div class='col-lg-12 col-md-6 col-12'><!-- WPDM Link Template: Default Template (Extended) -->\n\n<div class=\"card card-default\">\n    <div class=\"card-body\">\n \n    <div class=\"media\">\n        <div class=\"pull-left\"><img decoding=\"async\" class=\"wpdm_icon\" alt=\"\u00edcone\" src=\"https:\/\/www.cambe.pr.gov.br\/wp-content\/plugins\/download-manager\/assets\/file-type-icons\/dwg.svg\" \/><\/div>\n        <div class=\"media-body\"><strong class=\"ptitle\">Padr\u00e3o Passeio PMC - Lote Meio Quadra<\/strong>\n            \n            <div><strong><a class='wpdm-download-link download-on-click btn btn-primary ' rel='nofollow' href='#' data-downloadurl=\"https:\/\/www.cambe.pr.gov.br\/index.php\/download\/padrao-passeio-pmc-lote-meio-quadra\/?wpdmdl=3606&refresh=69fd21d8737181778196952\">Download<\/a><\/strong><\/div>\n        <\/div>\n    <\/div>\n \n \n    <\/div>\n    <div class=\"card-footer\"><span class=\"pull-right\">1165 downloads<\/span>352.44 KB<\/div>\n<\/div><\/div><div class='col-lg-12 col-md-6 col-12'><!-- WPDM Link Template: Default Template (Extended) -->\n\n<div class=\"card card-default\">\n    <div class=\"card-body\">\n \n    <div class=\"media\">\n        <div class=\"pull-left\"><img decoding=\"async\" class=\"wpdm_icon\" alt=\"\u00edcone\" src=\"https:\/\/www.cambe.pr.gov.br\/wp-content\/plugins\/download-manager\/assets\/file-type-icons\/dwg.svg\" \/><\/div>\n        <div class=\"media-body\"><strong class=\"ptitle\">Padr\u00e3o Passeio PMC - Lote Esquina<\/strong>\n            \n            <div><strong><a class='wpdm-download-link download-on-click btn btn-primary ' rel='nofollow' href='#' data-downloadurl=\"https:\/\/www.cambe.pr.gov.br\/index.php\/download\/padrao-passeio-pmc-lote-esquina\/?wpdmdl=3604&refresh=69fd21d891b021778196952\">Download<\/a><\/strong><\/div>\n        <\/div>\n    <\/div>\n \n \n    <\/div>\n    <div class=\"card-footer\"><span class=\"pull-right\">648 downloads<\/span>175.71 KB<\/div>\n<\/div><\/div><div class='col-lg-12 col-md-6 col-12'><!-- WPDM Link Template: Default Template (Extended) -->\n\n<div class=\"card card-default\">\n    <div class=\"card-body\">\n \n    <div class=\"media\">\n        <div class=\"pull-left\"><img decoding=\"async\" class=\"wpdm_icon\" alt=\"\u00edcone\" src=\"https:\/\/www.cambe.pr.gov.br\/wp-content\/plugins\/download-manager\/assets\/file-type-icons\/pdf.svg\" \/><\/div>\n        <div class=\"media-body\"><strong class=\"ptitle\">Modelo Laudo Regulariza\u00e7\u00e3o<\/strong>\n            \n            <div><strong><a class='wpdm-download-link download-on-click btn btn-primary ' rel='nofollow' href='#' data-downloadurl=\"https:\/\/www.cambe.pr.gov.br\/index.php\/download\/modelo-laudo-regularizacao\/?wpdmdl=3501&refresh=69fd21d8afe8c1778196952\">Download<\/a><\/strong><\/div>\n        <\/div>\n    <\/div>\n \n \n    <\/div>\n    <div class=\"card-footer\"><span class=\"pull-right\">1195 downloads<\/span>51.41 KB<\/div>\n<\/div><\/div><div class='col-lg-12 col-md-6 col-12'><!-- WPDM Link Template: Default Template (Extended) -->\n\n<div class=\"card card-default\">\n    <div class=\"card-body\">\n \n    <div class=\"media\">\n        <div class=\"pull-left\"><img decoding=\"async\" class=\"wpdm_icon\" alt=\"\u00edcone\" src=\"https:\/\/www.cambe.pr.gov.br\/wp-content\/plugins\/download-manager\/assets\/file-type-icons\/dwg.svg\" \/><\/div>\n        <div class=\"media-body\"><strong class=\"ptitle\">Modelo Carimbo Projeto F\u00edsico<\/strong>\n            \n            <div><strong><a class='wpdm-download-link download-on-click btn btn-primary ' rel='nofollow' href='#' data-downloadurl=\"https:\/\/www.cambe.pr.gov.br\/index.php\/download\/modelo-carimbo-projeto\/?wpdmdl=3500&refresh=69fd21d8ce3ca1778196952\">Download<\/a><\/strong><\/div>\n        <\/div>\n    <\/div>\n \n \n    <\/div>\n    <div class=\"card-footer\"><span class=\"pull-right\">1844 downloads<\/span>20.00 KB<\/div>\n<\/div><\/div><\/div>            <div style='clear:both'><\/div><div class='text-center'><ul class='pagination wpdm-pagination pagination-centered text-center'><li><span aria-current=\"page\" class=\"page-numbers current\">1<\/span><\/li><li><a data-container='#content_wpdm_package_1' class=\"page-numbers\" href=\"https:\/\/www.cambe.pr.gov.br\/index.php\/wp-json\/wp\/v2\/pages\/393\/?cp=2\">2<\/a><\/li><li><a data-container='#content_wpdm_package_1' class=\"next page-numbers\" href=\"https:\/\/www.cambe.pr.gov.br\/index.php\/wp-json\/wp\/v2\/pages\/393\/?cp=2\"> <i style=\"display: inline-block;width: 8px;height: 8px;border-right: 2px solid;border-top: 2px solid;transform: rotate(45deg);margin-left: -2px;margin-top: -2px;\"><\/i> <\/a><\/li><\/ul><\/div><div style='clear:both'><\/div>        <\/div>\n\n        <div style='clear:both'><\/div>\n    <\/div>\n<\/div>\n\t\t\t\t<\/div>\n\t\t\t\t<\/div>\n\t\t\t\t\t<\/div>\n\t\t<\/div>\n\t\t\t\t\t<\/div>\n\t\t<\/section>\n\t\t\t\t<\/div>\n\t\t","protected":false},"excerpt":{"rendered":"<p>Acompanhe as licita\u00e7\u00f5es pelo Portal de Transpar\u00eancia do Munic\u00edpio, menu Administrativo.\u00a0CLIQUE AQUI. Documentos<\/p>\n","protected":false},"author":1,"featured_media":0,"parent":0,"menu_order":0,"comment_status":"closed","ping_status":"closed","template":"","meta":{"ngg_post_thumbnail":0,"footnotes":""},"class_list":["post-393","page","type-page","status-publish","hentry"],"yoast_head":"<!-- This site is optimized with the Yoast SEO plugin v27.4 - https:\/\/yoast.com\/product\/yoast-seo-wordpress\/ -->\n<title>Licita\u00e7\u00f5es - Prefeitura de Camb\u00e9<\/title>\n<meta name=\"robots\" content=\"index, follow, max-snippet:-1, max-image-preview:large, max-video-preview:-1\" \/>\n<link rel=\"canonical\" href=\"https:\/\/www.cambe.pr.gov.br\/index.php\/licitacoes-anteriores-2021\/\" \/>\n<meta property=\"og:locale\" content=\"pt_BR\" \/>\n<meta property=\"og:type\" content=\"article\" \/>\n<meta property=\"og:title\" content=\"Licita\u00e7\u00f5es - Prefeitura de Camb\u00e9\" \/>\n<meta property=\"og:description\" content=\"Acompanhe as licita\u00e7\u00f5es pelo Portal de Transpar\u00eancia do Munic\u00edpio, menu Administrativo.\u00a0CLIQUE AQUI. Documentos\" \/>\n<meta property=\"og:url\" content=\"https:\/\/www.cambe.pr.gov.br\/index.php\/licitacoes-anteriores-2021\/\" \/>\n<meta property=\"og:site_name\" content=\"Prefeitura de Camb\u00e9\" \/>\n<meta property=\"article:publisher\" content=\"https:\/\/m.facebook.com\/prefeituradecambe\" \/>\n<meta property=\"article:modified_time\" content=\"2021-03-22T12:10:18+00:00\" \/>\n<meta property=\"og:image\" content=\"https:\/\/www.cambe.pr.gov.br\/wp-content\/uploads\/2021\/02\/Brasao_Prefeitura_21-24.png\" \/>\n\t<meta property=\"og:image:width\" content=\"602\" \/>\n\t<meta property=\"og:image:height\" content=\"86\" \/>\n\t<meta property=\"og:image:type\" content=\"image\/png\" \/>\n<meta name=\"twitter:card\" content=\"summary_large_image\" \/>\n<script type=\"application\/ld+json\" class=\"yoast-schema-graph\">{\"@context\":\"https:\\\/\\\/schema.org\",\"@graph\":[{\"@type\":\"WebPage\",\"@id\":\"https:\\\/\\\/www.cambe.pr.gov.br\\\/index.php\\\/licitacoes-anteriores-2021\\\/\",\"url\":\"https:\\\/\\\/www.cambe.pr.gov.br\\\/index.php\\\/licitacoes-anteriores-2021\\\/\",\"name\":\"Licita\u00e7\u00f5es - Prefeitura de Camb\u00e9\",\"isPartOf\":{\"@id\":\"https:\\\/\\\/www.cambe.pr.gov.br\\\/#website\"},\"datePublished\":\"2021-01-20T16:54:39+00:00\",\"dateModified\":\"2021-03-22T12:10:18+00:00\",\"breadcrumb\":{\"@id\":\"https:\\\/\\\/www.cambe.pr.gov.br\\\/index.php\\\/licitacoes-anteriores-2021\\\/#breadcrumb\"},\"inLanguage\":\"pt-BR\",\"potentialAction\":[{\"@type\":\"ReadAction\",\"target\":[\"https:\\\/\\\/www.cambe.pr.gov.br\\\/index.php\\\/licitacoes-anteriores-2021\\\/\"]}]},{\"@type\":\"BreadcrumbList\",\"@id\":\"https:\\\/\\\/www.cambe.pr.gov.br\\\/index.php\\\/licitacoes-anteriores-2021\\\/#breadcrumb\",\"itemListElement\":[{\"@type\":\"ListItem\",\"position\":1,\"name\":\"In\u00edcio\",\"item\":\"https:\\\/\\\/www.cambe.pr.gov.br\\\/\"},{\"@type\":\"ListItem\",\"position\":2,\"name\":\"Licita\u00e7\u00f5es\"}]},{\"@type\":\"WebSite\",\"@id\":\"https:\\\/\\\/www.cambe.pr.gov.br\\\/#website\",\"url\":\"https:\\\/\\\/www.cambe.pr.gov.br\\\/\",\"name\":\"Prefeitura de Camb\u00e9\",\"description\":\"UM GOVERNO PARA TODOS\",\"publisher\":{\"@id\":\"https:\\\/\\\/www.cambe.pr.gov.br\\\/#organization\"},\"potentialAction\":[{\"@type\":\"SearchAction\",\"target\":{\"@type\":\"EntryPoint\",\"urlTemplate\":\"https:\\\/\\\/www.cambe.pr.gov.br\\\/?s={search_term_string}\"},\"query-input\":{\"@type\":\"PropertyValueSpecification\",\"valueRequired\":true,\"valueName\":\"search_term_string\"}}],\"inLanguage\":\"pt-BR\"},{\"@type\":\"Organization\",\"@id\":\"https:\\\/\\\/www.cambe.pr.gov.br\\\/#organization\",\"name\":\"Prefeitura de Camb\u00e9\",\"url\":\"https:\\\/\\\/www.cambe.pr.gov.br\\\/\",\"logo\":{\"@type\":\"ImageObject\",\"inLanguage\":\"pt-BR\",\"@id\":\"https:\\\/\\\/www.cambe.pr.gov.br\\\/#\\\/schema\\\/logo\\\/image\\\/\",\"url\":\"https:\\\/\\\/www.cambe.pr.gov.br\\\/wp-content\\\/uploads\\\/2021\\\/01\\\/cropped-cropped-cambe_brazao-icone.png\",\"contentUrl\":\"https:\\\/\\\/www.cambe.pr.gov.br\\\/wp-content\\\/uploads\\\/2021\\\/01\\\/cropped-cropped-cambe_brazao-icone.png\",\"width\":240,\"height\":240,\"caption\":\"Prefeitura de Camb\u00e9\"},\"image\":{\"@id\":\"https:\\\/\\\/www.cambe.pr.gov.br\\\/#\\\/schema\\\/logo\\\/image\\\/\"},\"sameAs\":[\"https:\\\/\\\/m.facebook.com\\\/prefeituradecambe\"]}]}<\/script>\n<!-- \/ Yoast SEO plugin. -->","yoast_head_json":{"title":"Licita\u00e7\u00f5es - Prefeitura de Camb\u00e9","robots":{"index":"index","follow":"follow","max-snippet":"max-snippet:-1","max-image-preview":"max-image-preview:large","max-video-preview":"max-video-preview:-1"},"canonical":"https:\/\/www.cambe.pr.gov.br\/index.php\/licitacoes-anteriores-2021\/","og_locale":"pt_BR","og_type":"article","og_title":"Licita\u00e7\u00f5es - Prefeitura de Camb\u00e9","og_description":"Acompanhe as licita\u00e7\u00f5es pelo Portal de Transpar\u00eancia do Munic\u00edpio, menu Administrativo.\u00a0CLIQUE AQUI. Documentos","og_url":"https:\/\/www.cambe.pr.gov.br\/index.php\/licitacoes-anteriores-2021\/","og_site_name":"Prefeitura de Camb\u00e9","article_publisher":"https:\/\/m.facebook.com\/prefeituradecambe","article_modified_time":"2021-03-22T12:10:18+00:00","og_image":[{"width":602,"height":86,"url":"https:\/\/www.cambe.pr.gov.br\/wp-content\/uploads\/2021\/02\/Brasao_Prefeitura_21-24.png","type":"image\/png"}],"twitter_card":"summary_large_image","schema":{"@context":"https:\/\/schema.org","@graph":[{"@type":"WebPage","@id":"https:\/\/www.cambe.pr.gov.br\/index.php\/licitacoes-anteriores-2021\/","url":"https:\/\/www.cambe.pr.gov.br\/index.php\/licitacoes-anteriores-2021\/","name":"Licita\u00e7\u00f5es - Prefeitura de Camb\u00e9","isPartOf":{"@id":"https:\/\/www.cambe.pr.gov.br\/#website"},"datePublished":"2021-01-20T16:54:39+00:00","dateModified":"2021-03-22T12:10:18+00:00","breadcrumb":{"@id":"https:\/\/www.cambe.pr.gov.br\/index.php\/licitacoes-anteriores-2021\/#breadcrumb"},"inLanguage":"pt-BR","potentialAction":[{"@type":"ReadAction","target":["https:\/\/www.cambe.pr.gov.br\/index.php\/licitacoes-anteriores-2021\/"]}]},{"@type":"BreadcrumbList","@id":"https:\/\/www.cambe.pr.gov.br\/index.php\/licitacoes-anteriores-2021\/#breadcrumb","itemListElement":[{"@type":"ListItem","position":1,"name":"In\u00edcio","item":"https:\/\/www.cambe.pr.gov.br\/"},{"@type":"ListItem","position":2,"name":"Licita\u00e7\u00f5es"}]},{"@type":"WebSite","@id":"https:\/\/www.cambe.pr.gov.br\/#website","url":"https:\/\/www.cambe.pr.gov.br\/","name":"Prefeitura de Camb\u00e9","description":"UM GOVERNO PARA TODOS","publisher":{"@id":"https:\/\/www.cambe.pr.gov.br\/#organization"},"potentialAction":[{"@type":"SearchAction","target":{"@type":"EntryPoint","urlTemplate":"https:\/\/www.cambe.pr.gov.br\/?s={search_term_string}"},"query-input":{"@type":"PropertyValueSpecification","valueRequired":true,"valueName":"search_term_string"}}],"inLanguage":"pt-BR"},{"@type":"Organization","@id":"https:\/\/www.cambe.pr.gov.br\/#organization","name":"Prefeitura de Camb\u00e9","url":"https:\/\/www.cambe.pr.gov.br\/","logo":{"@type":"ImageObject","inLanguage":"pt-BR","@id":"https:\/\/www.cambe.pr.gov.br\/#\/schema\/logo\/image\/","url":"https:\/\/www.cambe.pr.gov.br\/wp-content\/uploads\/2021\/01\/cropped-cropped-cambe_brazao-icone.png","contentUrl":"https:\/\/www.cambe.pr.gov.br\/wp-content\/uploads\/2021\/01\/cropped-cropped-cambe_brazao-icone.png","width":240,"height":240,"caption":"Prefeitura de Camb\u00e9"},"image":{"@id":"https:\/\/www.cambe.pr.gov.br\/#\/schema\/logo\/image\/"},"sameAs":["https:\/\/m.facebook.com\/prefeituradecambe"]}]}},"_links":{"self":[{"href":"https:\/\/www.cambe.pr.gov.br\/index.php\/wp-json\/wp\/v2\/pages\/393","targetHints":{"allow":["GET"]}}],"collection":[{"href":"https:\/\/www.cambe.pr.gov.br\/index.php\/wp-json\/wp\/v2\/pages"}],"about":[{"href":"https:\/\/www.cambe.pr.gov.br\/index.php\/wp-json\/wp\/v2\/types\/page"}],"author":[{"embeddable":true,"href":"https:\/\/www.cambe.pr.gov.br\/index.php\/wp-json\/wp\/v2\/users\/1"}],"replies":[{"embeddable":true,"href":"https:\/\/www.cambe.pr.gov.br\/index.php\/wp-json\/wp\/v2\/comments?post=393"}],"version-history":[{"count":106,"href":"https:\/\/www.cambe.pr.gov.br\/index.php\/wp-json\/wp\/v2\/pages\/393\/revisions"}],"predecessor-version":[{"id":1627,"href":"https:\/\/www.cambe.pr.gov.br\/index.php\/wp-json\/wp\/v2\/pages\/393\/revisions\/1627"}],"wp:attachment":[{"href":"https:\/\/www.cambe.pr.gov.br\/index.php\/wp-json\/wp\/v2\/media?parent=393"}],"curies":[{"name":"wp","href":"https:\/\/api.w.org\/{rel}","templated":true}]}}