{"id":3512,"date":"2021-09-22T09:08:52","date_gmt":"2021-09-22T12:08:52","guid":{"rendered":"http:\/\/www.cambe.pr.gov.br\/?page_id=3512"},"modified":"2025-11-07T16:55:02","modified_gmt":"2025-11-07T19:55:02","slug":"cultura","status":"publish","type":"page","link":"https:\/\/www.cambe.pr.gov.br\/index.php\/secretarias\/secretarias\/cultura\/","title":{"rendered":"Cultura"},"content":{"rendered":"\t\t<div data-elementor-type=\"wp-page\" data-elementor-id=\"3512\" class=\"elementor elementor-3512\">\n\t\t\t\t\t\t<section class=\"elementor-section elementor-top-section elementor-element elementor-element-1a08e7a elementor-section-full_width elementor-section-height-default elementor-section-height-default\" data-id=\"1a08e7a\" data-element_type=\"section\">\n\t\t\t\t\t\t<div class=\"elementor-container elementor-column-gap-default\">\n\t\t\t\t\t<div class=\"elementor-column elementor-col-100 elementor-top-column elementor-element elementor-element-d913d32\" data-id=\"d913d32\" data-element_type=\"column\">\n\t\t\t<div class=\"elementor-widget-wrap elementor-element-populated\">\n\t\t\t\t\t\t<div class=\"elementor-element elementor-element-6a388d1 elementor-widget elementor-widget-eael-adv-tabs\" data-id=\"6a388d1\" data-element_type=\"widget\" data-widget_type=\"eael-adv-tabs.default\">\n\t\t\t\t<div class=\"elementor-widget-container\">\n\t\t\t\t\t        <div data-scroll-on-click=\"no\" data-scroll-speed=\"300\" id=\"eael-advance-tabs-6a388d1\" class=\"eael-advance-tabs eael-tabs-vertical eael-tab-auto-active \" data-tabid=\"6a388d1\">\n            <div class=\"eael-tabs-nav\">\n                <ul class=\"eael-tab-inline-icon\" role=\"tablist\">\n                                            <li id=\"dados-gerais\" class=\"inactive eael-tab-item-trigger eael-tab-nav-item\" aria-selected=\"true\" data-tab=\"1\" role=\"tab\" tabindex=\"0\" aria-controls=\"dados-gerais-tab\" aria-expanded=\"false\">\n                            \n                                                                <i class=\"far fa-folder-open\"><\/i>                                                            \n                                                            <span class=\"eael-tab-title title-after-icon\" >Dados Gerais<\/span>                            \n                                                    <\/li>\n                                            <li id=\"lei-paulo-gustavo\" class=\"active-default eael-tab-item-trigger eael-tab-nav-item\" aria-selected=\"false\" data-tab=\"2\" role=\"tab\" tabindex=\"-1\" aria-controls=\"lei-paulo-gustavo-tab\" aria-expanded=\"false\">\n                            \n                                                                <i class=\"far fa-hand-paper\"><\/i>                                                            \n                                                            <span class=\"eael-tab-title title-after-icon\" >Lei Paulo Gustavo<\/span>                            \n                                                    <\/li>\n                                            <li id=\"lei-aldir-blanc\" class=\"active-default eael-tab-item-trigger eael-tab-nav-item\" aria-selected=\"false\" data-tab=\"3\" role=\"tab\" tabindex=\"-1\" aria-controls=\"lei-aldir-blanc-tab\" aria-expanded=\"false\">\n                            \n                                                                <i class=\"far fa-hand-paper\"><\/i>                                                            \n                                                            <span class=\"eael-tab-title title-after-icon\" >Lei Aldir Blanc<\/span>                            \n                                                    <\/li>\n                                            <li id=\"frum-cultura-2023\" class=\" eael-tab-item-trigger eael-tab-nav-item\" aria-selected=\"false\" data-tab=\"4\" role=\"tab\" tabindex=\"-1\" aria-controls=\"frum-cultura-2023-tab\" aria-expanded=\"false\">\n                            \n                                                                <i class=\"fas fa-theater-masks\"><\/i>                                                            \n                                                            <span class=\"eael-tab-title title-after-icon\" >F\u00f3rum Cultura 2023<\/span>                            \n                                                    <\/li>\n                                            <li id=\"contato\" class=\"inactive eael-tab-item-trigger eael-tab-nav-item\" aria-selected=\"false\" data-tab=\"5\" role=\"tab\" tabindex=\"-1\" aria-controls=\"contato-tab\" aria-expanded=\"false\">\n                            \n                                                                <i class=\"fas fa-phone-volume\"><\/i>                                                            \n                                                            <span class=\"eael-tab-title title-after-icon\" >Contato<\/span>                            \n                                                    <\/li>\n                                    <\/ul>\n            <\/div>\n            \n            <div class=\"eael-tabs-content\">\n\t\t        \n                    <div id=\"dados-gerais-tab\" class=\"clearfix eael-tab-content-item inactive\" data-title-link=\"dados-gerais-tab\">\n\t\t\t\t        <p>&#8230;<\/p>                    <\/div>\n\t\t        \n                    <div id=\"lei-paulo-gustavo-tab\" class=\"clearfix eael-tab-content-item active-default\" data-title-link=\"lei-paulo-gustavo-tab\">\n\t\t\t\t        <h5 style=\"text-align: justify;\">\u00a0<\/h5><p style=\"text-align: justify;\"><img fetchpriority=\"high\" decoding=\"async\" class=\"aligncenter wp-image-11352 size-medium\" src=\"https:\/\/www.cambe.pr.gov.br\/wp-content\/uploads\/2023\/08\/paulo-gustavo-300x180.jpeg\" alt=\"\" width=\"300\" height=\"180\" srcset=\"https:\/\/www.cambe.pr.gov.br\/wp-content\/uploads\/2023\/08\/paulo-gustavo-300x180.jpeg 300w, https:\/\/www.cambe.pr.gov.br\/wp-content\/uploads\/2023\/08\/paulo-gustavo.jpeg 768w\" sizes=\"(max-width: 300px) 100vw, 300px\" \/><\/p><p style=\"text-align: justify;\">A Lei Paulo Gustavo (Lei Complementar n\u00ba 195, de 08 de julho de 2022) disp\u00f5e sobre a\u00e7\u00f5es emergenciais destinadas ao setor cultural a serem adotadas em decorr\u00eancia dos efeitos econ\u00f4micos e sociais da pandemia da covid-19. Ela prev\u00ea o repasse de R$ 3,862 bilh\u00f5es a estados, munic\u00edpios e ao Distrito Federal para aplica\u00e7\u00e3o em a\u00e7\u00f5es emergenciais que visem a combater e mitigar os efeitos da pandemia da covid-19 sobre o setor cultural.<\/p><p style=\"text-align: justify;\">No munic\u00edpio de Camb\u00e9 o valor de repasse \u00e9 de R$926.382,44.<\/p><table style=\"border-collapse: collapse; width: 100%;\"><tbody><tr><td style=\"width: 33%;\"><h6 style=\"text-align: center;\"><a class=\"fasc-button fasc-size-large fasc-type-flat fasc-rounded-medium fasc-ico-before dashicons-format-aside\" style=\"background-color: #126b53; color: #ffffff;\" href=\"https:\/\/www.cambe.pr.gov.br\/index.php\/edital-lei-paulo-gustavo\/\">Edital<\/a><\/h6><\/td><td style=\"width: 33%;\"><h6 style=\"text-align: center;\"><a class=\"fasc-button fasc-size-large fasc-type-flat fasc-rounded-medium fasc-ico-before dashicons-welcome-write-blog\" style=\"background-color: #33809e; color: #ffffff;\" href=\"https:\/\/www.cambe.pr.gov.br\/index.php\/secretarias\/secretarias\/cultura\/inscricoes-lei-paulo-gustavo\/\">Inscri\u00e7\u00f5es<\/a><\/h6><\/td><td style=\"width: 33%;\"><h6 style=\"text-align: center;\"><a class=\"fasc-button fasc-size-large fasc-type-flat fasc-rounded-medium fasc-ico-before dashicons-info\" style=\"background-color: #126b53; color: #ffffff;\" href=\"https:\/\/www.cambe.pr.gov.br\/index.php\/informativos-lei-paulo-gustavo\/\">Informativos<\/a><\/h6><\/td><\/tr><\/tbody><\/table>                    <\/div>\n\t\t        \n                    <div id=\"lei-aldir-blanc-tab\" class=\"clearfix eael-tab-content-item active-default\" data-title-link=\"lei-aldir-blanc-tab\">\n\t\t\t\t        <p><img decoding=\"async\" class=\"aligncenter wp-image-14357 size-medium\" src=\"https:\/\/www.cambe.pr.gov.br\/wp-content\/uploads\/2024\/04\/AldirBlanc2024-300x169.png\" alt=\"\" width=\"300\" height=\"169\" srcset=\"https:\/\/www.cambe.pr.gov.br\/wp-content\/uploads\/2024\/04\/AldirBlanc2024-300x169.png 300w, https:\/\/www.cambe.pr.gov.br\/wp-content\/uploads\/2024\/04\/AldirBlanc2024-1024x576.png 1024w, https:\/\/www.cambe.pr.gov.br\/wp-content\/uploads\/2024\/04\/AldirBlanc2024-768x432.png 768w, https:\/\/www.cambe.pr.gov.br\/wp-content\/uploads\/2024\/04\/AldirBlanc2024-1536x864.png 1536w, https:\/\/www.cambe.pr.gov.br\/wp-content\/uploads\/2024\/04\/AldirBlanc2024.png 1920w\" sizes=\"(max-width: 300px) 100vw, 300px\" \/><\/p><p>A Pol\u00edtica Nacional Aldir Blanc de Fomento \u00e0 Cultura (PNAB), institu\u00edda pela Lei n\u00ba 14.399, de 08 de julho de 2022, tem como objetivo fomentar a cultura nacionalmente ao apoiar todos os Estados, o Distrito Federal e os Munic\u00edpios brasileiros, durante 5 anos, com in\u00edcio em 2023.<\/p><p>O munic\u00edpio de Camb\u00e9 recebeu o valor de R$774.494,15 para execu\u00e7\u00e3o da lei.<\/p><h4><a href=\"https:\/\/www.cambe.pr.gov.br\/index.php\/secretarias\/secretarias\/cultura\/lei-aldir-blanc\/pnab-ciclo-ii\/\">PNAB (ciclo II)<\/a><\/h4><h4><a href=\"https:\/\/www.cambe.pr.gov.br\/index.php\/secretarias\/secretarias\/cultura\/lei-aldir-blanc\/lei-aldir-blanc-2024\/\">2024 (acessar)<\/a><\/h4><h5>\u00a0<\/h5><p style=\"text-align: right;\"><a href=\"https:\/\/www.cambe.pr.gov.br\/index.php\/secretarias\/secretarias\/cultura\/lei-aldir-blanc\/\">Acesse os editais de anos anteriores, Clique AQUI.<\/a><\/p>                    <\/div>\n\t\t        \n                    <div id=\"frum-cultura-2023-tab\" class=\"clearfix eael-tab-content-item \" data-title-link=\"frum-cultura-2023-tab\">\n\t\t\t\t        <p>A Secretaria de Educa\u00e7\u00e3o e Cultura realizou o II F\u00f3rum Municipal de Cultura e a V Confer\u00eancia Municipal de Cultura, nos dias 28\/02 e 25\/03 respectivamente. Os eventos foram abertos para toda a popula\u00e7\u00e3o. Acesse o relat\u00f3rio para conferir como os encontros aconteceram e os resultados obtidos.<\/p><h5><a href=\"https:\/\/www.cambe.pr.gov.br\/site\/index.php\/secretarias\/secretarias\/cultura\/forum-e-conferencia-de-cultura-2023\/\">Veja mais aqui.<\/a><\/h5>                    <\/div>\n\t\t        \n                    <div id=\"contato-tab\" class=\"clearfix eael-tab-content-item inactive\" data-title-link=\"contato-tab\">\n\t\t\t\t        <p>(43) 3174-0284 \/ 3174-0283<\/p>                    <\/div>\n\t\t                    <\/div>\n        <\/div>\n\t\t\t\t<\/div>\n\t\t\t\t<\/div>\n\t\t\t\t\t<\/div>\n\t\t<\/div>\n\t\t\t\t\t<\/div>\n\t\t<\/section>\n\t\t\t\t<\/div>\n\t\t","protected":false},"excerpt":{"rendered":"<p>Dados Gerais Lei Paulo Gustavo Lei Aldir Blanc F\u00f3rum Cultura 2023 Contato &#8230; \u00a0 A Lei Paulo Gustavo (Lei Complementar n\u00ba 195, de 08 de julho de 2022) disp\u00f5e sobre a\u00e7\u00f5es emergenciais destinadas ao setor cultural a serem adotadas em decorr\u00eancia dos efeitos econ\u00f4micos e sociais da pandemia da covid-19. Ela prev\u00ea o repasse de [&hellip;]<\/p>\n","protected":false},"author":1,"featured_media":0,"parent":1255,"menu_order":0,"comment_status":"closed","ping_status":"closed","template":"","meta":{"ngg_post_thumbnail":0,"footnotes":""},"class_list":["post-3512","page","type-page","status-publish","hentry"],"yoast_head":"<!-- This site is optimized with the Yoast SEO plugin v25.2 - https:\/\/yoast.com\/wordpress\/plugins\/seo\/ -->\n<title>Cultura - Prefeitura de Camb\u00e9<\/title>\n<meta name=\"robots\" content=\"index, follow, max-snippet:-1, max-image-preview:large, max-video-preview:-1\" \/>\n<link rel=\"canonical\" href=\"https:\/\/www.cambe.pr.gov.br\/index.php\/secretarias\/secretarias\/cultura\/\" \/>\n<meta property=\"og:locale\" content=\"pt_BR\" \/>\n<meta property=\"og:type\" content=\"article\" \/>\n<meta property=\"og:title\" content=\"Cultura - Prefeitura de Camb\u00e9\" \/>\n<meta property=\"og:description\" content=\"Dados Gerais Lei Paulo Gustavo Lei Aldir Blanc F\u00f3rum Cultura 2023 Contato &#8230; \u00a0 A Lei Paulo Gustavo (Lei Complementar n\u00ba 195, de 08 de julho de 2022) disp\u00f5e sobre a\u00e7\u00f5es emergenciais destinadas ao setor cultural a serem adotadas em decorr\u00eancia dos efeitos econ\u00f4micos e sociais da pandemia da covid-19. Ela prev\u00ea o repasse de [&hellip;]\" \/>\n<meta property=\"og:url\" content=\"https:\/\/www.cambe.pr.gov.br\/index.php\/secretarias\/secretarias\/cultura\/\" \/>\n<meta property=\"og:site_name\" content=\"Prefeitura de Camb\u00e9\" \/>\n<meta property=\"article:publisher\" content=\"https:\/\/m.facebook.com\/prefeituradecambe\" \/>\n<meta property=\"article:modified_time\" content=\"2025-11-07T19:55:02+00:00\" \/>\n<meta property=\"og:image\" content=\"https:\/\/www.cambe.pr.gov.br\/wp-content\/uploads\/2023\/08\/paulo-gustavo.jpeg\" \/>\n\t<meta property=\"og:image:width\" content=\"768\" \/>\n\t<meta property=\"og:image:height\" content=\"461\" \/>\n\t<meta property=\"og:image:type\" content=\"image\/jpeg\" \/>\n<meta name=\"twitter:card\" content=\"summary_large_image\" \/>\n<meta name=\"twitter:label1\" content=\"Est. tempo de leitura\" \/>\n\t<meta name=\"twitter:data1\" content=\"2 minutos\" \/>\n<script type=\"application\/ld+json\" class=\"yoast-schema-graph\">{\"@context\":\"https:\/\/schema.org\",\"@graph\":[{\"@type\":\"WebPage\",\"@id\":\"https:\/\/www.cambe.pr.gov.br\/index.php\/secretarias\/secretarias\/cultura\/\",\"url\":\"https:\/\/www.cambe.pr.gov.br\/index.php\/secretarias\/secretarias\/cultura\/\",\"name\":\"Cultura - Prefeitura de Camb\u00e9\",\"isPartOf\":{\"@id\":\"https:\/\/www.cambe.pr.gov.br\/#website\"},\"primaryImageOfPage\":{\"@id\":\"https:\/\/www.cambe.pr.gov.br\/index.php\/secretarias\/secretarias\/cultura\/#primaryimage\"},\"image\":{\"@id\":\"https:\/\/www.cambe.pr.gov.br\/index.php\/secretarias\/secretarias\/cultura\/#primaryimage\"},\"thumbnailUrl\":\"https:\/\/www.cambe.pr.gov.br\/wp-content\/uploads\/2023\/08\/paulo-gustavo-300x180.jpeg\",\"datePublished\":\"2021-09-22T12:08:52+00:00\",\"dateModified\":\"2025-11-07T19:55:02+00:00\",\"breadcrumb\":{\"@id\":\"https:\/\/www.cambe.pr.gov.br\/index.php\/secretarias\/secretarias\/cultura\/#breadcrumb\"},\"inLanguage\":\"pt-BR\",\"potentialAction\":[{\"@type\":\"ReadAction\",\"target\":[\"https:\/\/www.cambe.pr.gov.br\/index.php\/secretarias\/secretarias\/cultura\/\"]}]},{\"@type\":\"ImageObject\",\"inLanguage\":\"pt-BR\",\"@id\":\"https:\/\/www.cambe.pr.gov.br\/index.php\/secretarias\/secretarias\/cultura\/#primaryimage\",\"url\":\"https:\/\/www.cambe.pr.gov.br\/wp-content\/uploads\/2023\/08\/paulo-gustavo.jpeg\",\"contentUrl\":\"https:\/\/www.cambe.pr.gov.br\/wp-content\/uploads\/2023\/08\/paulo-gustavo.jpeg\",\"width\":768,\"height\":461},{\"@type\":\"BreadcrumbList\",\"@id\":\"https:\/\/www.cambe.pr.gov.br\/index.php\/secretarias\/secretarias\/cultura\/#breadcrumb\",\"itemListElement\":[{\"@type\":\"ListItem\",\"position\":1,\"name\":\"In\u00edcio\",\"item\":\"https:\/\/www.cambe.pr.gov.br\/\"},{\"@type\":\"ListItem\",\"position\":2,\"name\":\"Estrutura Administrativa\",\"item\":\"https:\/\/www.cambe.pr.gov.br\/index.php\/secretarias\/\"},{\"@type\":\"ListItem\",\"position\":3,\"name\":\"Secretarias\",\"item\":\"https:\/\/www.cambe.pr.gov.br\/index.php\/secretarias\/secretarias\/\"},{\"@type\":\"ListItem\",\"position\":4,\"name\":\"Cultura\"}]},{\"@type\":\"WebSite\",\"@id\":\"https:\/\/www.cambe.pr.gov.br\/#website\",\"url\":\"https:\/\/www.cambe.pr.gov.br\/\",\"name\":\"Prefeitura de Camb\u00e9\",\"description\":\"UM GOVERNO PARA TODOS\",\"publisher\":{\"@id\":\"https:\/\/www.cambe.pr.gov.br\/#organization\"},\"potentialAction\":[{\"@type\":\"SearchAction\",\"target\":{\"@type\":\"EntryPoint\",\"urlTemplate\":\"https:\/\/www.cambe.pr.gov.br\/?s={search_term_string}\"},\"query-input\":{\"@type\":\"PropertyValueSpecification\",\"valueRequired\":true,\"valueName\":\"search_term_string\"}}],\"inLanguage\":\"pt-BR\"},{\"@type\":\"Organization\",\"@id\":\"https:\/\/www.cambe.pr.gov.br\/#organization\",\"name\":\"Prefeitura de Camb\u00e9\",\"url\":\"https:\/\/www.cambe.pr.gov.br\/\",\"logo\":{\"@type\":\"ImageObject\",\"inLanguage\":\"pt-BR\",\"@id\":\"https:\/\/www.cambe.pr.gov.br\/#\/schema\/logo\/image\/\",\"url\":\"https:\/\/www.cambe.pr.gov.br\/wp-content\/uploads\/2021\/01\/cropped-cropped-cambe_brazao-icone.png\",\"contentUrl\":\"https:\/\/www.cambe.pr.gov.br\/wp-content\/uploads\/2021\/01\/cropped-cropped-cambe_brazao-icone.png\",\"width\":240,\"height\":240,\"caption\":\"Prefeitura de Camb\u00e9\"},\"image\":{\"@id\":\"https:\/\/www.cambe.pr.gov.br\/#\/schema\/logo\/image\/\"},\"sameAs\":[\"https:\/\/m.facebook.com\/prefeituradecambe\"]}]}<\/script>\n<!-- \/ Yoast SEO plugin. -->","yoast_head_json":{"title":"Cultura - Prefeitura de Camb\u00e9","robots":{"index":"index","follow":"follow","max-snippet":"max-snippet:-1","max-image-preview":"max-image-preview:large","max-video-preview":"max-video-preview:-1"},"canonical":"https:\/\/www.cambe.pr.gov.br\/index.php\/secretarias\/secretarias\/cultura\/","og_locale":"pt_BR","og_type":"article","og_title":"Cultura - Prefeitura de Camb\u00e9","og_description":"Dados Gerais Lei Paulo Gustavo Lei Aldir Blanc F\u00f3rum Cultura 2023 Contato &#8230; \u00a0 A Lei Paulo Gustavo (Lei Complementar n\u00ba 195, de 08 de julho de 2022) disp\u00f5e sobre a\u00e7\u00f5es emergenciais destinadas ao setor cultural a serem adotadas em decorr\u00eancia dos efeitos econ\u00f4micos e sociais da pandemia da covid-19. Ela prev\u00ea o repasse de [&hellip;]","og_url":"https:\/\/www.cambe.pr.gov.br\/index.php\/secretarias\/secretarias\/cultura\/","og_site_name":"Prefeitura de Camb\u00e9","article_publisher":"https:\/\/m.facebook.com\/prefeituradecambe","article_modified_time":"2025-11-07T19:55:02+00:00","og_image":[{"width":768,"height":461,"url":"https:\/\/www.cambe.pr.gov.br\/wp-content\/uploads\/2023\/08\/paulo-gustavo.jpeg","type":"image\/jpeg"}],"twitter_card":"summary_large_image","twitter_misc":{"Est. tempo de leitura":"2 minutos"},"schema":{"@context":"https:\/\/schema.org","@graph":[{"@type":"WebPage","@id":"https:\/\/www.cambe.pr.gov.br\/index.php\/secretarias\/secretarias\/cultura\/","url":"https:\/\/www.cambe.pr.gov.br\/index.php\/secretarias\/secretarias\/cultura\/","name":"Cultura - Prefeitura de Camb\u00e9","isPartOf":{"@id":"https:\/\/www.cambe.pr.gov.br\/#website"},"primaryImageOfPage":{"@id":"https:\/\/www.cambe.pr.gov.br\/index.php\/secretarias\/secretarias\/cultura\/#primaryimage"},"image":{"@id":"https:\/\/www.cambe.pr.gov.br\/index.php\/secretarias\/secretarias\/cultura\/#primaryimage"},"thumbnailUrl":"https:\/\/www.cambe.pr.gov.br\/wp-content\/uploads\/2023\/08\/paulo-gustavo-300x180.jpeg","datePublished":"2021-09-22T12:08:52+00:00","dateModified":"2025-11-07T19:55:02+00:00","breadcrumb":{"@id":"https:\/\/www.cambe.pr.gov.br\/index.php\/secretarias\/secretarias\/cultura\/#breadcrumb"},"inLanguage":"pt-BR","potentialAction":[{"@type":"ReadAction","target":["https:\/\/www.cambe.pr.gov.br\/index.php\/secretarias\/secretarias\/cultura\/"]}]},{"@type":"ImageObject","inLanguage":"pt-BR","@id":"https:\/\/www.cambe.pr.gov.br\/index.php\/secretarias\/secretarias\/cultura\/#primaryimage","url":"https:\/\/www.cambe.pr.gov.br\/wp-content\/uploads\/2023\/08\/paulo-gustavo.jpeg","contentUrl":"https:\/\/www.cambe.pr.gov.br\/wp-content\/uploads\/2023\/08\/paulo-gustavo.jpeg","width":768,"height":461},{"@type":"BreadcrumbList","@id":"https:\/\/www.cambe.pr.gov.br\/index.php\/secretarias\/secretarias\/cultura\/#breadcrumb","itemListElement":[{"@type":"ListItem","position":1,"name":"In\u00edcio","item":"https:\/\/www.cambe.pr.gov.br\/"},{"@type":"ListItem","position":2,"name":"Estrutura Administrativa","item":"https:\/\/www.cambe.pr.gov.br\/index.php\/secretarias\/"},{"@type":"ListItem","position":3,"name":"Secretarias","item":"https:\/\/www.cambe.pr.gov.br\/index.php\/secretarias\/secretarias\/"},{"@type":"ListItem","position":4,"name":"Cultura"}]},{"@type":"WebSite","@id":"https:\/\/www.cambe.pr.gov.br\/#website","url":"https:\/\/www.cambe.pr.gov.br\/","name":"Prefeitura de Camb\u00e9","description":"UM GOVERNO PARA TODOS","publisher":{"@id":"https:\/\/www.cambe.pr.gov.br\/#organization"},"potentialAction":[{"@type":"SearchAction","target":{"@type":"EntryPoint","urlTemplate":"https:\/\/www.cambe.pr.gov.br\/?s={search_term_string}"},"query-input":{"@type":"PropertyValueSpecification","valueRequired":true,"valueName":"search_term_string"}}],"inLanguage":"pt-BR"},{"@type":"Organization","@id":"https:\/\/www.cambe.pr.gov.br\/#organization","name":"Prefeitura de Camb\u00e9","url":"https:\/\/www.cambe.pr.gov.br\/","logo":{"@type":"ImageObject","inLanguage":"pt-BR","@id":"https:\/\/www.cambe.pr.gov.br\/#\/schema\/logo\/image\/","url":"https:\/\/www.cambe.pr.gov.br\/wp-content\/uploads\/2021\/01\/cropped-cropped-cambe_brazao-icone.png","contentUrl":"https:\/\/www.cambe.pr.gov.br\/wp-content\/uploads\/2021\/01\/cropped-cropped-cambe_brazao-icone.png","width":240,"height":240,"caption":"Prefeitura de Camb\u00e9"},"image":{"@id":"https:\/\/www.cambe.pr.gov.br\/#\/schema\/logo\/image\/"},"sameAs":["https:\/\/m.facebook.com\/prefeituradecambe"]}]}},"_links":{"self":[{"href":"https:\/\/www.cambe.pr.gov.br\/index.php\/wp-json\/wp\/v2\/pages\/3512","targetHints":{"allow":["GET"]}}],"collection":[{"href":"https:\/\/www.cambe.pr.gov.br\/index.php\/wp-json\/wp\/v2\/pages"}],"about":[{"href":"https:\/\/www.cambe.pr.gov.br\/index.php\/wp-json\/wp\/v2\/types\/page"}],"author":[{"embeddable":true,"href":"https:\/\/www.cambe.pr.gov.br\/index.php\/wp-json\/wp\/v2\/users\/1"}],"replies":[{"embeddable":true,"href":"https:\/\/www.cambe.pr.gov.br\/index.php\/wp-json\/wp\/v2\/comments?post=3512"}],"version-history":[{"count":124,"href":"https:\/\/www.cambe.pr.gov.br\/index.php\/wp-json\/wp\/v2\/pages\/3512\/revisions"}],"predecessor-version":[{"id":18202,"href":"https:\/\/www.cambe.pr.gov.br\/index.php\/wp-json\/wp\/v2\/pages\/3512\/revisions\/18202"}],"up":[{"embeddable":true,"href":"https:\/\/www.cambe.pr.gov.br\/index.php\/wp-json\/wp\/v2\/pages\/1255"}],"wp:attachment":[{"href":"https:\/\/www.cambe.pr.gov.br\/index.php\/wp-json\/wp\/v2\/media?parent=3512"}],"curies":[{"name":"wp","href":"https:\/\/api.w.org\/{rel}","templated":true}]}}