{"id":18277,"date":"2025-11-21T15:37:51","date_gmt":"2025-11-21T18:37:51","guid":{"rendered":"https:\/\/www.cambe.pr.gov.br\/?page_id=18277"},"modified":"2025-11-21T16:37:50","modified_gmt":"2025-11-21T19:37:50","slug":"lgpd-2","status":"publish","type":"page","link":"https:\/\/www.cambe.pr.gov.br\/index.php\/lgpd-2\/","title":{"rendered":"LGPD &#8211; Lei Geral de Prote\u00e7\u00e3o de Dados"},"content":{"rendered":"\t\t<div data-elementor-type=\"wp-page\" data-elementor-id=\"18277\" class=\"elementor elementor-18277\">\n\t\t\t\t<div class=\"elementor-element elementor-element-fa1128f e-flex e-con-boxed e-con e-parent\" data-id=\"fa1128f\" data-element_type=\"container\">\n\t\t\t\t\t<div class=\"e-con-inner\">\n\t\t\t\t<div class=\"elementor-element elementor-element-4793e0c elementor-widget elementor-widget-eael-adv-tabs\" data-id=\"4793e0c\" data-element_type=\"widget\" data-widget_type=\"eael-adv-tabs.default\">\n\t\t\t\t<div class=\"elementor-widget-container\">\n\t\t\t\t\t        <div data-scroll-on-click=\"no\" data-scroll-speed=\"300\" id=\"eael-advance-tabs-4793e0c\" class=\"eael-advance-tabs eael-tabs-vertical eael-tab-auto-active \" data-tabid=\"4793e0c\">\n            <div class=\"eael-tabs-nav\">\n                <ul class=\"eael-tab-inline-icon\" role=\"tablist\">\n                                            <li id=\"sobre\" class=\"inactive eael-tab-item-trigger eael-tab-nav-item\" aria-selected=\"true\" data-tab=\"1\" role=\"tab\" tabindex=\"0\" aria-controls=\"sobre-tab\" aria-expanded=\"false\">\n                            \n                                                                <i class=\"fas fa-question\"><\/i>                                                            \n                                                            <span class=\"eael-tab-title title-after-icon\" >Sobre<\/span>                            \n                                                    <\/li>\n                                            <li id=\"encarregado-dpo\" class=\"active-default eael-tab-item-trigger eael-tab-nav-item\" aria-selected=\"false\" data-tab=\"2\" role=\"tab\" tabindex=\"-1\" aria-controls=\"encarregado-dpo-tab\" aria-expanded=\"false\">\n                            \n                                                                <i class=\"far fa-address-book\"><\/i>                                                            \n                                                            <span class=\"eael-tab-title title-after-icon\" >Encarregado \/ DPO<\/span>                            \n                                                    <\/li>\n                                            <li id=\"contato\" class=\" eael-tab-item-trigger eael-tab-nav-item\" aria-selected=\"false\" data-tab=\"3\" role=\"tab\" tabindex=\"-1\" aria-controls=\"contato-tab\" aria-expanded=\"false\">\n                            \n                                                                <i class=\"fas fa-phone\"><\/i>                                                            \n                                                            <span class=\"eael-tab-title title-after-icon\" >Contato<\/span>                            \n                                                    <\/li>\n                                            <li id=\"legislao\" class=\"inactive eael-tab-item-trigger eael-tab-nav-item\" aria-selected=\"false\" data-tab=\"4\" role=\"tab\" tabindex=\"-1\" aria-controls=\"legislao-tab\" aria-expanded=\"false\">\n                            \n                                                                <i class=\"far fa-file-alt\"><\/i>                                                            \n                                                            <span class=\"eael-tab-title title-after-icon\" >Legisla\u00e7\u00e3o<\/span>                            \n                                                    <\/li>\n                                    <\/ul>\n            <\/div>\n            \n            <div class=\"eael-tabs-content\">\n\t\t        \n                    <div id=\"sobre-tab\" class=\"clearfix eael-tab-content-item inactive\" data-title-link=\"sobre-tab\">\n\t\t\t\t        <p>&#8230;<\/p>                    <\/div>\n\t\t        \n                    <div id=\"encarregado-dpo-tab\" class=\"clearfix eael-tab-content-item active-default\" data-title-link=\"encarregado-dpo-tab\">\n\t\t\t\t        <p>DPO: <strong>Nilson Hor\u00e1cio da Silva Junior<\/strong><\/p><p>Telefone: (43) 3174-2771<\/p><p>E-mail: lgpd@cambe.pr.gov.br<\/p><p>Endere\u00e7o: Rua Par\u00e1, 154, Centro &#8211; Camb\u00e9 &#8211; PR &#8211; CEP: 86.181-240<\/p>                    <\/div>\n\t\t        \n                    <div id=\"contato-tab\" class=\"clearfix eael-tab-content-item \" data-title-link=\"contato-tab\">\n\t\t\t\t        <p>Telefone: (43) 3174-2771<\/p><p>E-mail: lgpd@cambe.pr.gov.br<\/p><p>Endere\u00e7o: Rua Par\u00e1, 154, Centro &#8211; Camb\u00e9 &#8211; PR &#8211; CEP: 86.181-240<\/p>                    <\/div>\n\t\t        \n                    <div id=\"legislao-tab\" class=\"clearfix eael-tab-content-item inactive\" data-title-link=\"legislao-tab\">\n\t\t\t\t        <p><a href=\"https:\/\/transparencia.cambe.pr.gov.br:8443\/portal\/informacoes\/legislacao.xhtml\">Acesse a legisla\u00e7\u00e3o aqui<\/a>.<\/p>                    <\/div>\n\t\t                    <\/div>\n        <\/div>\n\t\t\t\t<\/div>\n\t\t\t\t<\/div>\n\t\t\t\t\t<\/div>\n\t\t\t\t<\/div>\n\t\t\t\t<\/div>\n\t\t","protected":false},"excerpt":{"rendered":"<p>Sobre Encarregado \/ DPO Contato Legisla\u00e7\u00e3o &#8230; DPO: Nilson Hor\u00e1cio da Silva Junior Telefone: (43) 3174-2771 E-mail: lgpd@cambe.pr.gov.br Endere\u00e7o: Rua Par\u00e1, 154, Centro &#8211; Camb\u00e9 &#8211; PR &#8211; CEP: 86.181-240 Telefone: (43) 3174-2771 E-mail: lgpd@cambe.pr.gov.br Endere\u00e7o: Rua Par\u00e1, 154, Centro &#8211; Camb\u00e9 &#8211; PR &#8211; CEP: 86.181-240 Acesse a legisla\u00e7\u00e3o aqui.<\/p>\n","protected":false},"author":1,"featured_media":0,"parent":0,"menu_order":0,"comment_status":"closed","ping_status":"closed","template":"","meta":{"ngg_post_thumbnail":0,"footnotes":""},"class_list":["post-18277","page","type-page","status-publish","hentry"],"yoast_head":"<!-- This site is optimized with the Yoast SEO plugin v25.2 - https:\/\/yoast.com\/wordpress\/plugins\/seo\/ -->\n<title>LGPD - Lei Geral de Prote\u00e7\u00e3o de Dados - Prefeitura de Camb\u00e9<\/title>\n<meta name=\"robots\" content=\"index, follow, max-snippet:-1, max-image-preview:large, max-video-preview:-1\" \/>\n<link rel=\"canonical\" href=\"https:\/\/www.cambe.pr.gov.br\/index.php\/lgpd-2\/\" \/>\n<meta property=\"og:locale\" content=\"pt_BR\" \/>\n<meta property=\"og:type\" content=\"article\" \/>\n<meta property=\"og:title\" content=\"LGPD - Lei Geral de Prote\u00e7\u00e3o de Dados - Prefeitura de Camb\u00e9\" \/>\n<meta property=\"og:description\" content=\"Sobre Encarregado \/ DPO Contato Legisla\u00e7\u00e3o &#8230; DPO: Nilson Hor\u00e1cio da Silva Junior Telefone: (43) 3174-2771 E-mail: lgpd@cambe.pr.gov.br Endere\u00e7o: Rua Par\u00e1, 154, Centro &#8211; Camb\u00e9 &#8211; PR &#8211; CEP: 86.181-240 Telefone: (43) 3174-2771 E-mail: lgpd@cambe.pr.gov.br Endere\u00e7o: Rua Par\u00e1, 154, Centro &#8211; Camb\u00e9 &#8211; PR &#8211; CEP: 86.181-240 Acesse a legisla\u00e7\u00e3o aqui.\" \/>\n<meta property=\"og:url\" content=\"https:\/\/www.cambe.pr.gov.br\/index.php\/lgpd-2\/\" \/>\n<meta property=\"og:site_name\" content=\"Prefeitura de Camb\u00e9\" \/>\n<meta property=\"article:publisher\" content=\"https:\/\/m.facebook.com\/prefeituradecambe\" \/>\n<meta property=\"article:modified_time\" content=\"2025-11-21T19:37:50+00:00\" \/>\n<meta property=\"og:image\" content=\"https:\/\/www.cambe.pr.gov.br\/wp-content\/uploads\/2021\/02\/Brasao_Prefeitura_21-24.png\" \/>\n\t<meta property=\"og:image:width\" content=\"602\" \/>\n\t<meta property=\"og:image:height\" content=\"86\" \/>\n\t<meta property=\"og:image:type\" content=\"image\/png\" \/>\n<meta name=\"twitter:card\" content=\"summary_large_image\" \/>\n<meta name=\"twitter:label1\" content=\"Est. tempo de leitura\" \/>\n\t<meta name=\"twitter:data1\" content=\"1 minuto\" \/>\n<script type=\"application\/ld+json\" class=\"yoast-schema-graph\">{\"@context\":\"https:\/\/schema.org\",\"@graph\":[{\"@type\":\"WebPage\",\"@id\":\"https:\/\/www.cambe.pr.gov.br\/index.php\/lgpd-2\/\",\"url\":\"https:\/\/www.cambe.pr.gov.br\/index.php\/lgpd-2\/\",\"name\":\"LGPD - Lei Geral de Prote\u00e7\u00e3o de Dados - Prefeitura de Camb\u00e9\",\"isPartOf\":{\"@id\":\"https:\/\/www.cambe.pr.gov.br\/#website\"},\"datePublished\":\"2025-11-21T18:37:51+00:00\",\"dateModified\":\"2025-11-21T19:37:50+00:00\",\"breadcrumb\":{\"@id\":\"https:\/\/www.cambe.pr.gov.br\/index.php\/lgpd-2\/#breadcrumb\"},\"inLanguage\":\"pt-BR\",\"potentialAction\":[{\"@type\":\"ReadAction\",\"target\":[\"https:\/\/www.cambe.pr.gov.br\/index.php\/lgpd-2\/\"]}]},{\"@type\":\"BreadcrumbList\",\"@id\":\"https:\/\/www.cambe.pr.gov.br\/index.php\/lgpd-2\/#breadcrumb\",\"itemListElement\":[{\"@type\":\"ListItem\",\"position\":1,\"name\":\"In\u00edcio\",\"item\":\"https:\/\/www.cambe.pr.gov.br\/\"},{\"@type\":\"ListItem\",\"position\":2,\"name\":\"LGPD &#8211; Lei Geral de Prote\u00e7\u00e3o de Dados\"}]},{\"@type\":\"WebSite\",\"@id\":\"https:\/\/www.cambe.pr.gov.br\/#website\",\"url\":\"https:\/\/www.cambe.pr.gov.br\/\",\"name\":\"Prefeitura de Camb\u00e9\",\"description\":\"UM GOVERNO PARA TODOS\",\"publisher\":{\"@id\":\"https:\/\/www.cambe.pr.gov.br\/#organization\"},\"potentialAction\":[{\"@type\":\"SearchAction\",\"target\":{\"@type\":\"EntryPoint\",\"urlTemplate\":\"https:\/\/www.cambe.pr.gov.br\/?s={search_term_string}\"},\"query-input\":{\"@type\":\"PropertyValueSpecification\",\"valueRequired\":true,\"valueName\":\"search_term_string\"}}],\"inLanguage\":\"pt-BR\"},{\"@type\":\"Organization\",\"@id\":\"https:\/\/www.cambe.pr.gov.br\/#organization\",\"name\":\"Prefeitura de Camb\u00e9\",\"url\":\"https:\/\/www.cambe.pr.gov.br\/\",\"logo\":{\"@type\":\"ImageObject\",\"inLanguage\":\"pt-BR\",\"@id\":\"https:\/\/www.cambe.pr.gov.br\/#\/schema\/logo\/image\/\",\"url\":\"https:\/\/www.cambe.pr.gov.br\/wp-content\/uploads\/2021\/01\/cropped-cropped-cambe_brazao-icone.png\",\"contentUrl\":\"https:\/\/www.cambe.pr.gov.br\/wp-content\/uploads\/2021\/01\/cropped-cropped-cambe_brazao-icone.png\",\"width\":240,\"height\":240,\"caption\":\"Prefeitura de Camb\u00e9\"},\"image\":{\"@id\":\"https:\/\/www.cambe.pr.gov.br\/#\/schema\/logo\/image\/\"},\"sameAs\":[\"https:\/\/m.facebook.com\/prefeituradecambe\"]}]}<\/script>\n<!-- \/ Yoast SEO plugin. -->","yoast_head_json":{"title":"LGPD - Lei Geral de Prote\u00e7\u00e3o de Dados - Prefeitura de Camb\u00e9","robots":{"index":"index","follow":"follow","max-snippet":"max-snippet:-1","max-image-preview":"max-image-preview:large","max-video-preview":"max-video-preview:-1"},"canonical":"https:\/\/www.cambe.pr.gov.br\/index.php\/lgpd-2\/","og_locale":"pt_BR","og_type":"article","og_title":"LGPD - Lei Geral de Prote\u00e7\u00e3o de Dados - Prefeitura de Camb\u00e9","og_description":"Sobre Encarregado \/ DPO Contato Legisla\u00e7\u00e3o &#8230; DPO: Nilson Hor\u00e1cio da Silva Junior Telefone: (43) 3174-2771 E-mail: lgpd@cambe.pr.gov.br Endere\u00e7o: Rua Par\u00e1, 154, Centro &#8211; Camb\u00e9 &#8211; PR &#8211; CEP: 86.181-240 Telefone: (43) 3174-2771 E-mail: lgpd@cambe.pr.gov.br Endere\u00e7o: Rua Par\u00e1, 154, Centro &#8211; Camb\u00e9 &#8211; PR &#8211; CEP: 86.181-240 Acesse a legisla\u00e7\u00e3o aqui.","og_url":"https:\/\/www.cambe.pr.gov.br\/index.php\/lgpd-2\/","og_site_name":"Prefeitura de Camb\u00e9","article_publisher":"https:\/\/m.facebook.com\/prefeituradecambe","article_modified_time":"2025-11-21T19:37:50+00:00","og_image":[{"width":602,"height":86,"url":"https:\/\/www.cambe.pr.gov.br\/wp-content\/uploads\/2021\/02\/Brasao_Prefeitura_21-24.png","type":"image\/png"}],"twitter_card":"summary_large_image","twitter_misc":{"Est. tempo de leitura":"1 minuto"},"schema":{"@context":"https:\/\/schema.org","@graph":[{"@type":"WebPage","@id":"https:\/\/www.cambe.pr.gov.br\/index.php\/lgpd-2\/","url":"https:\/\/www.cambe.pr.gov.br\/index.php\/lgpd-2\/","name":"LGPD - Lei Geral de Prote\u00e7\u00e3o de Dados - Prefeitura de Camb\u00e9","isPartOf":{"@id":"https:\/\/www.cambe.pr.gov.br\/#website"},"datePublished":"2025-11-21T18:37:51+00:00","dateModified":"2025-11-21T19:37:50+00:00","breadcrumb":{"@id":"https:\/\/www.cambe.pr.gov.br\/index.php\/lgpd-2\/#breadcrumb"},"inLanguage":"pt-BR","potentialAction":[{"@type":"ReadAction","target":["https:\/\/www.cambe.pr.gov.br\/index.php\/lgpd-2\/"]}]},{"@type":"BreadcrumbList","@id":"https:\/\/www.cambe.pr.gov.br\/index.php\/lgpd-2\/#breadcrumb","itemListElement":[{"@type":"ListItem","position":1,"name":"In\u00edcio","item":"https:\/\/www.cambe.pr.gov.br\/"},{"@type":"ListItem","position":2,"name":"LGPD &#8211; Lei Geral de Prote\u00e7\u00e3o de Dados"}]},{"@type":"WebSite","@id":"https:\/\/www.cambe.pr.gov.br\/#website","url":"https:\/\/www.cambe.pr.gov.br\/","name":"Prefeitura de Camb\u00e9","description":"UM GOVERNO PARA TODOS","publisher":{"@id":"https:\/\/www.cambe.pr.gov.br\/#organization"},"potentialAction":[{"@type":"SearchAction","target":{"@type":"EntryPoint","urlTemplate":"https:\/\/www.cambe.pr.gov.br\/?s={search_term_string}"},"query-input":{"@type":"PropertyValueSpecification","valueRequired":true,"valueName":"search_term_string"}}],"inLanguage":"pt-BR"},{"@type":"Organization","@id":"https:\/\/www.cambe.pr.gov.br\/#organization","name":"Prefeitura de Camb\u00e9","url":"https:\/\/www.cambe.pr.gov.br\/","logo":{"@type":"ImageObject","inLanguage":"pt-BR","@id":"https:\/\/www.cambe.pr.gov.br\/#\/schema\/logo\/image\/","url":"https:\/\/www.cambe.pr.gov.br\/wp-content\/uploads\/2021\/01\/cropped-cropped-cambe_brazao-icone.png","contentUrl":"https:\/\/www.cambe.pr.gov.br\/wp-content\/uploads\/2021\/01\/cropped-cropped-cambe_brazao-icone.png","width":240,"height":240,"caption":"Prefeitura de Camb\u00e9"},"image":{"@id":"https:\/\/www.cambe.pr.gov.br\/#\/schema\/logo\/image\/"},"sameAs":["https:\/\/m.facebook.com\/prefeituradecambe"]}]}},"_links":{"self":[{"href":"https:\/\/www.cambe.pr.gov.br\/index.php\/wp-json\/wp\/v2\/pages\/18277","targetHints":{"allow":["GET"]}}],"collection":[{"href":"https:\/\/www.cambe.pr.gov.br\/index.php\/wp-json\/wp\/v2\/pages"}],"about":[{"href":"https:\/\/www.cambe.pr.gov.br\/index.php\/wp-json\/wp\/v2\/types\/page"}],"author":[{"embeddable":true,"href":"https:\/\/www.cambe.pr.gov.br\/index.php\/wp-json\/wp\/v2\/users\/1"}],"replies":[{"embeddable":true,"href":"https:\/\/www.cambe.pr.gov.br\/index.php\/wp-json\/wp\/v2\/comments?post=18277"}],"version-history":[{"count":33,"href":"https:\/\/www.cambe.pr.gov.br\/index.php\/wp-json\/wp\/v2\/pages\/18277\/revisions"}],"predecessor-version":[{"id":18314,"href":"https:\/\/www.cambe.pr.gov.br\/index.php\/wp-json\/wp\/v2\/pages\/18277\/revisions\/18314"}],"wp:attachment":[{"href":"https:\/\/www.cambe.pr.gov.br\/index.php\/wp-json\/wp\/v2\/media?parent=18277"}],"curies":[{"name":"wp","href":"https:\/\/api.w.org\/{rel}","templated":true}]}}