{"id":18198,"date":"2025-11-07T16:49:05","date_gmt":"2025-11-07T19:49:05","guid":{"rendered":"https:\/\/www.cambe.pr.gov.br\/?page_id=18198"},"modified":"2026-03-23T10:50:52","modified_gmt":"2026-03-23T13:50:52","slug":"pnab-ciclo-ii","status":"publish","type":"page","link":"https:\/\/www.cambe.pr.gov.br\/index.php\/secretarias\/secretarias\/cultura\/lei-aldir-blanc\/pnab-ciclo-ii\/","title":{"rendered":"PNAB (Ciclo II)"},"content":{"rendered":"<p>&nbsp;<\/p>\n<table style=\"height: 24px; width: 100%; border-collapse: collapse;\" border=\"5px\">\n<tbody>\n<tr>\n<td style=\"width: 100%; height: 24px; border-style: solid; border-color: #000000; text-align: center;\"><strong>\u00daLTIMAS NOT\u00cdCIAS PNAB (Ciclo II)<\/strong><\/p>\n<p style=\"text-align: justify;\"><strong><span style=\"color: #ff0000;\">(NOVO)<\/span> 20\/03\/2026 &#8211; <a href=\"https:\/\/www.cambe.pr.gov.br\/index.php\/secretarias\/secretarias\/cultura\/lei-aldir-blanc\/pnab-ciclo-ii\/edital-001-2026-politica-nacional-aldir-blanc-pnab\/\">Publica\u00e7\u00e3o do Edital 001\/2026 &#8211; Fomento a Projetos Continuados de Pontos de Cultura&nbsp;<\/a><\/strong><\/p>\n<p style=\"text-align: justify;\"><strong>02\/03\/2026 &#8211; Consulta P\u00fablica Edital de Ponto de Cultura PNCV &#8211; Camb\u00e9\/PR<\/strong><\/p>\n<\/td>\n<\/tr>\n<\/tbody>\n<\/table>\n<table style=\"border-collapse: collapse; width: 96.4064%;\">\n<tbody>\n<tr>\n<td style=\"width: 33.3333%; text-align: center;\"><a class=\"fasc-button fasc-size-medium fasc-type-flat fasc-rounded-medium fasc-style-bold\" style=\"background-color: #2f7827; color: #ffffff;\" href=\"https:\/\/www.cambe.pr.gov.br\/index.php\/secretarias\/secretarias\/cultura\/lei-aldir-blanc\/pnab-ciclo-ii\/edital-001-2026-politica-nacional-aldir-blanc-pnab\/\">Edital 001\/2026<\/a><\/td>\n<td style=\"width: 33.3333%; text-align: center;\"><a class=\"fasc-button fasc-size-medium fasc-type-flat fasc-rounded-medium fasc-style-bold\" style=\"background-color: #33809e; color: #ffffff;\" href=\"https:\/\/www.cambe.pr.gov.br\/index.php\/secretarias\/secretarias\/cultura\/lei-aldir-blanc\/pnab-ciclo-ii\/informativos-edital-01-2026\/\">Informativos<\/a><\/td>\n<td style=\"width: 30.4579%; text-align: center;\"><a href=\"https:\/\/docs.google.com\/forms\/d\/e\/1FAIpQLSdZ1w4JiITfudAJgqLb4WfiRleHYdw5VY2G7CaLq6tKy3jVRA\/viewform?usp=header\"><strong>Inscri\u00e7\u00e3o Edital 001\/2026<\/strong><\/a><\/td>\n<\/tr>\n<\/tbody>\n<\/table>\n","protected":false},"excerpt":{"rendered":"<p>&nbsp; \u00daLTIMAS NOT\u00cdCIAS PNAB (Ciclo II) (NOVO) 20\/03\/2026 &#8211; Publica\u00e7\u00e3o do Edital 001\/2026 &#8211; Fomento a Projetos Continuados de Pontos de Cultura&nbsp; 02\/03\/2026 &#8211; Consulta P\u00fablica Edital de Ponto de Cultura PNCV &#8211; Camb\u00e9\/PR Edital 001\/2026 Informativos Inscri\u00e7\u00e3o Edital 001\/2026<\/p>\n","protected":false},"author":1,"featured_media":0,"parent":3514,"menu_order":0,"comment_status":"closed","ping_status":"closed","template":"","meta":{"ngg_post_thumbnail":0,"footnotes":""},"class_list":["post-18198","page","type-page","status-publish","hentry"],"yoast_head":"<!-- This site is optimized with the Yoast SEO plugin v25.2 - https:\/\/yoast.com\/wordpress\/plugins\/seo\/ -->\n<title>PNAB (Ciclo II) - Prefeitura de Camb\u00e9<\/title>\n<meta name=\"robots\" content=\"index, follow, max-snippet:-1, max-image-preview:large, max-video-preview:-1\" \/>\n<link rel=\"canonical\" href=\"https:\/\/www.cambe.pr.gov.br\/index.php\/secretarias\/secretarias\/cultura\/lei-aldir-blanc\/pnab-ciclo-ii\/\" \/>\n<meta property=\"og:locale\" content=\"pt_BR\" \/>\n<meta property=\"og:type\" content=\"article\" \/>\n<meta property=\"og:title\" content=\"PNAB (Ciclo II) - Prefeitura de Camb\u00e9\" \/>\n<meta property=\"og:description\" content=\"&nbsp; \u00daLTIMAS NOT\u00cdCIAS PNAB (Ciclo II) (NOVO) 20\/03\/2026 &#8211; Publica\u00e7\u00e3o do Edital 001\/2026 &#8211; Fomento a Projetos Continuados de Pontos de Cultura&nbsp; 02\/03\/2026 &#8211; Consulta P\u00fablica Edital de Ponto de Cultura PNCV &#8211; Camb\u00e9\/PR Edital 001\/2026 Informativos Inscri\u00e7\u00e3o Edital 001\/2026\" \/>\n<meta property=\"og:url\" content=\"https:\/\/www.cambe.pr.gov.br\/index.php\/secretarias\/secretarias\/cultura\/lei-aldir-blanc\/pnab-ciclo-ii\/\" \/>\n<meta property=\"og:site_name\" content=\"Prefeitura de Camb\u00e9\" \/>\n<meta property=\"article:publisher\" content=\"https:\/\/m.facebook.com\/prefeituradecambe\" \/>\n<meta property=\"article:modified_time\" content=\"2026-03-23T13:50:52+00:00\" \/>\n<meta property=\"og:image\" content=\"https:\/\/www.cambe.pr.gov.br\/wp-content\/uploads\/2021\/02\/Brasao_Prefeitura_21-24.png\" \/>\n\t<meta property=\"og:image:width\" content=\"602\" \/>\n\t<meta property=\"og:image:height\" content=\"86\" \/>\n\t<meta property=\"og:image:type\" content=\"image\/png\" \/>\n<meta name=\"twitter:card\" content=\"summary_large_image\" \/>\n<meta name=\"twitter:label1\" content=\"Est. tempo de leitura\" \/>\n\t<meta name=\"twitter:data1\" content=\"1 minuto\" \/>\n<script type=\"application\/ld+json\" class=\"yoast-schema-graph\">{\"@context\":\"https:\/\/schema.org\",\"@graph\":[{\"@type\":\"WebPage\",\"@id\":\"https:\/\/www.cambe.pr.gov.br\/index.php\/secretarias\/secretarias\/cultura\/lei-aldir-blanc\/pnab-ciclo-ii\/\",\"url\":\"https:\/\/www.cambe.pr.gov.br\/index.php\/secretarias\/secretarias\/cultura\/lei-aldir-blanc\/pnab-ciclo-ii\/\",\"name\":\"PNAB (Ciclo II) - Prefeitura de Camb\u00e9\",\"isPartOf\":{\"@id\":\"https:\/\/www.cambe.pr.gov.br\/#website\"},\"datePublished\":\"2025-11-07T19:49:05+00:00\",\"dateModified\":\"2026-03-23T13:50:52+00:00\",\"breadcrumb\":{\"@id\":\"https:\/\/www.cambe.pr.gov.br\/index.php\/secretarias\/secretarias\/cultura\/lei-aldir-blanc\/pnab-ciclo-ii\/#breadcrumb\"},\"inLanguage\":\"pt-BR\",\"potentialAction\":[{\"@type\":\"ReadAction\",\"target\":[\"https:\/\/www.cambe.pr.gov.br\/index.php\/secretarias\/secretarias\/cultura\/lei-aldir-blanc\/pnab-ciclo-ii\/\"]}]},{\"@type\":\"BreadcrumbList\",\"@id\":\"https:\/\/www.cambe.pr.gov.br\/index.php\/secretarias\/secretarias\/cultura\/lei-aldir-blanc\/pnab-ciclo-ii\/#breadcrumb\",\"itemListElement\":[{\"@type\":\"ListItem\",\"position\":1,\"name\":\"In\u00edcio\",\"item\":\"https:\/\/www.cambe.pr.gov.br\/\"},{\"@type\":\"ListItem\",\"position\":2,\"name\":\"Estrutura Administrativa\",\"item\":\"https:\/\/www.cambe.pr.gov.br\/index.php\/secretarias\/\"},{\"@type\":\"ListItem\",\"position\":3,\"name\":\"Secretarias\",\"item\":\"https:\/\/www.cambe.pr.gov.br\/index.php\/secretarias\/secretarias\/\"},{\"@type\":\"ListItem\",\"position\":4,\"name\":\"Cultura\",\"item\":\"https:\/\/www.cambe.pr.gov.br\/index.php\/secretarias\/secretarias\/cultura\/\"},{\"@type\":\"ListItem\",\"position\":5,\"name\":\"Lei Aldir Blanc\",\"item\":\"https:\/\/www.cambe.pr.gov.br\/index.php\/secretarias\/secretarias\/cultura\/lei-aldir-blanc\/\"},{\"@type\":\"ListItem\",\"position\":6,\"name\":\"PNAB (Ciclo II)\"}]},{\"@type\":\"WebSite\",\"@id\":\"https:\/\/www.cambe.pr.gov.br\/#website\",\"url\":\"https:\/\/www.cambe.pr.gov.br\/\",\"name\":\"Prefeitura de Camb\u00e9\",\"description\":\"UM GOVERNO PARA TODOS\",\"publisher\":{\"@id\":\"https:\/\/www.cambe.pr.gov.br\/#organization\"},\"potentialAction\":[{\"@type\":\"SearchAction\",\"target\":{\"@type\":\"EntryPoint\",\"urlTemplate\":\"https:\/\/www.cambe.pr.gov.br\/?s={search_term_string}\"},\"query-input\":{\"@type\":\"PropertyValueSpecification\",\"valueRequired\":true,\"valueName\":\"search_term_string\"}}],\"inLanguage\":\"pt-BR\"},{\"@type\":\"Organization\",\"@id\":\"https:\/\/www.cambe.pr.gov.br\/#organization\",\"name\":\"Prefeitura de Camb\u00e9\",\"url\":\"https:\/\/www.cambe.pr.gov.br\/\",\"logo\":{\"@type\":\"ImageObject\",\"inLanguage\":\"pt-BR\",\"@id\":\"https:\/\/www.cambe.pr.gov.br\/#\/schema\/logo\/image\/\",\"url\":\"https:\/\/www.cambe.pr.gov.br\/wp-content\/uploads\/2021\/01\/cropped-cropped-cambe_brazao-icone.png\",\"contentUrl\":\"https:\/\/www.cambe.pr.gov.br\/wp-content\/uploads\/2021\/01\/cropped-cropped-cambe_brazao-icone.png\",\"width\":240,\"height\":240,\"caption\":\"Prefeitura de Camb\u00e9\"},\"image\":{\"@id\":\"https:\/\/www.cambe.pr.gov.br\/#\/schema\/logo\/image\/\"},\"sameAs\":[\"https:\/\/m.facebook.com\/prefeituradecambe\"]}]}<\/script>\n<!-- \/ Yoast SEO plugin. -->","yoast_head_json":{"title":"PNAB (Ciclo II) - Prefeitura de Camb\u00e9","robots":{"index":"index","follow":"follow","max-snippet":"max-snippet:-1","max-image-preview":"max-image-preview:large","max-video-preview":"max-video-preview:-1"},"canonical":"https:\/\/www.cambe.pr.gov.br\/index.php\/secretarias\/secretarias\/cultura\/lei-aldir-blanc\/pnab-ciclo-ii\/","og_locale":"pt_BR","og_type":"article","og_title":"PNAB (Ciclo II) - Prefeitura de Camb\u00e9","og_description":"&nbsp; \u00daLTIMAS NOT\u00cdCIAS PNAB (Ciclo II) (NOVO) 20\/03\/2026 &#8211; Publica\u00e7\u00e3o do Edital 001\/2026 &#8211; Fomento a Projetos Continuados de Pontos de Cultura&nbsp; 02\/03\/2026 &#8211; Consulta P\u00fablica Edital de Ponto de Cultura PNCV &#8211; Camb\u00e9\/PR Edital 001\/2026 Informativos Inscri\u00e7\u00e3o Edital 001\/2026","og_url":"https:\/\/www.cambe.pr.gov.br\/index.php\/secretarias\/secretarias\/cultura\/lei-aldir-blanc\/pnab-ciclo-ii\/","og_site_name":"Prefeitura de Camb\u00e9","article_publisher":"https:\/\/m.facebook.com\/prefeituradecambe","article_modified_time":"2026-03-23T13:50:52+00:00","og_image":[{"width":602,"height":86,"url":"https:\/\/www.cambe.pr.gov.br\/wp-content\/uploads\/2021\/02\/Brasao_Prefeitura_21-24.png","type":"image\/png"}],"twitter_card":"summary_large_image","twitter_misc":{"Est. tempo de leitura":"1 minuto"},"schema":{"@context":"https:\/\/schema.org","@graph":[{"@type":"WebPage","@id":"https:\/\/www.cambe.pr.gov.br\/index.php\/secretarias\/secretarias\/cultura\/lei-aldir-blanc\/pnab-ciclo-ii\/","url":"https:\/\/www.cambe.pr.gov.br\/index.php\/secretarias\/secretarias\/cultura\/lei-aldir-blanc\/pnab-ciclo-ii\/","name":"PNAB (Ciclo II) - Prefeitura de Camb\u00e9","isPartOf":{"@id":"https:\/\/www.cambe.pr.gov.br\/#website"},"datePublished":"2025-11-07T19:49:05+00:00","dateModified":"2026-03-23T13:50:52+00:00","breadcrumb":{"@id":"https:\/\/www.cambe.pr.gov.br\/index.php\/secretarias\/secretarias\/cultura\/lei-aldir-blanc\/pnab-ciclo-ii\/#breadcrumb"},"inLanguage":"pt-BR","potentialAction":[{"@type":"ReadAction","target":["https:\/\/www.cambe.pr.gov.br\/index.php\/secretarias\/secretarias\/cultura\/lei-aldir-blanc\/pnab-ciclo-ii\/"]}]},{"@type":"BreadcrumbList","@id":"https:\/\/www.cambe.pr.gov.br\/index.php\/secretarias\/secretarias\/cultura\/lei-aldir-blanc\/pnab-ciclo-ii\/#breadcrumb","itemListElement":[{"@type":"ListItem","position":1,"name":"In\u00edcio","item":"https:\/\/www.cambe.pr.gov.br\/"},{"@type":"ListItem","position":2,"name":"Estrutura Administrativa","item":"https:\/\/www.cambe.pr.gov.br\/index.php\/secretarias\/"},{"@type":"ListItem","position":3,"name":"Secretarias","item":"https:\/\/www.cambe.pr.gov.br\/index.php\/secretarias\/secretarias\/"},{"@type":"ListItem","position":4,"name":"Cultura","item":"https:\/\/www.cambe.pr.gov.br\/index.php\/secretarias\/secretarias\/cultura\/"},{"@type":"ListItem","position":5,"name":"Lei Aldir Blanc","item":"https:\/\/www.cambe.pr.gov.br\/index.php\/secretarias\/secretarias\/cultura\/lei-aldir-blanc\/"},{"@type":"ListItem","position":6,"name":"PNAB (Ciclo II)"}]},{"@type":"WebSite","@id":"https:\/\/www.cambe.pr.gov.br\/#website","url":"https:\/\/www.cambe.pr.gov.br\/","name":"Prefeitura de Camb\u00e9","description":"UM GOVERNO PARA TODOS","publisher":{"@id":"https:\/\/www.cambe.pr.gov.br\/#organization"},"potentialAction":[{"@type":"SearchAction","target":{"@type":"EntryPoint","urlTemplate":"https:\/\/www.cambe.pr.gov.br\/?s={search_term_string}"},"query-input":{"@type":"PropertyValueSpecification","valueRequired":true,"valueName":"search_term_string"}}],"inLanguage":"pt-BR"},{"@type":"Organization","@id":"https:\/\/www.cambe.pr.gov.br\/#organization","name":"Prefeitura de Camb\u00e9","url":"https:\/\/www.cambe.pr.gov.br\/","logo":{"@type":"ImageObject","inLanguage":"pt-BR","@id":"https:\/\/www.cambe.pr.gov.br\/#\/schema\/logo\/image\/","url":"https:\/\/www.cambe.pr.gov.br\/wp-content\/uploads\/2021\/01\/cropped-cropped-cambe_brazao-icone.png","contentUrl":"https:\/\/www.cambe.pr.gov.br\/wp-content\/uploads\/2021\/01\/cropped-cropped-cambe_brazao-icone.png","width":240,"height":240,"caption":"Prefeitura de Camb\u00e9"},"image":{"@id":"https:\/\/www.cambe.pr.gov.br\/#\/schema\/logo\/image\/"},"sameAs":["https:\/\/m.facebook.com\/prefeituradecambe"]}]}},"_links":{"self":[{"href":"https:\/\/www.cambe.pr.gov.br\/index.php\/wp-json\/wp\/v2\/pages\/18198","targetHints":{"allow":["GET"]}}],"collection":[{"href":"https:\/\/www.cambe.pr.gov.br\/index.php\/wp-json\/wp\/v2\/pages"}],"about":[{"href":"https:\/\/www.cambe.pr.gov.br\/index.php\/wp-json\/wp\/v2\/types\/page"}],"author":[{"embeddable":true,"href":"https:\/\/www.cambe.pr.gov.br\/index.php\/wp-json\/wp\/v2\/users\/1"}],"replies":[{"embeddable":true,"href":"https:\/\/www.cambe.pr.gov.br\/index.php\/wp-json\/wp\/v2\/comments?post=18198"}],"version-history":[{"count":20,"href":"https:\/\/www.cambe.pr.gov.br\/index.php\/wp-json\/wp\/v2\/pages\/18198\/revisions"}],"predecessor-version":[{"id":18972,"href":"https:\/\/www.cambe.pr.gov.br\/index.php\/wp-json\/wp\/v2\/pages\/18198\/revisions\/18972"}],"up":[{"embeddable":true,"href":"https:\/\/www.cambe.pr.gov.br\/index.php\/wp-json\/wp\/v2\/pages\/3514"}],"wp:attachment":[{"href":"https:\/\/www.cambe.pr.gov.br\/index.php\/wp-json\/wp\/v2\/media?parent=18198"}],"curies":[{"name":"wp","href":"https:\/\/api.w.org\/{rel}","templated":true}]}}