{"id":12600,"date":"2023-10-26T08:55:55","date_gmt":"2023-10-26T11:55:55","guid":{"rendered":"https:\/\/www.cambe.pr.gov.br\/?page_id=12600"},"modified":"2023-10-26T09:00:37","modified_gmt":"2023-10-26T12:00:37","slug":"inscricoes-lei-paulo-gustavo","status":"publish","type":"page","link":"https:\/\/www.cambe.pr.gov.br\/index.php\/secretarias\/secretarias\/cultura\/inscricoes-lei-paulo-gustavo\/","title":{"rendered":"Inscri\u00e7\u00f5es (Lei Paulo Gustavo)"},"content":{"rendered":"<h5 style=\"text-align: center;\">Escolha uma da op\u00e7\u00f5es abaixo para efetuar sua inscri\u00e7\u00e3o<\/h5>\n<h5>&nbsp;<\/h5>\n<h5 style=\"text-align: center;\"><a href=\"https:\/\/forms.gle\/7Vac3CsK8RNsAjT48\">Camb\u00e9 e Suas Mem\u00f3rias I<\/a><\/h5>\n<p>&nbsp;<\/p>\n<h5 style=\"text-align: center;\"><a href=\"https:\/\/forms.gle\/MVqsxmr2Ha4TYyNn6\">Camb\u00e9 Circula Filme I<\/a><\/h5>\n<p>&nbsp;<\/p>\n<h5 style=\"text-align: center;\"><a href=\"https:\/\/forms.gle\/P25zUT5Zigkoq5mG6\">Camb\u00e9 e Suas Mem\u00f3rias II<\/a><\/h5>\n<p>&nbsp;<\/p>\n<h5 style=\"text-align: center;\"><a href=\"https:\/\/forms.gle\/dgpbSP2JxxiRDB1q6\">Camb\u00e9 Em 1 Minuto<\/a><\/h5>\n<p>&nbsp;<\/p>\n<h5 style=\"text-align: center;\"><a href=\"https:\/\/forms.gle\/vQWw63JRZRjMuM347\">Camb\u00e9 e Suas Hist\u00f3rias<\/a><\/h5>\n<p>&nbsp;<\/p>\n<h5 style=\"text-align: center;\"><a href=\"https:\/\/forms.gle\/NpFkxgfoyAtQN9kP9\">Camb\u00e9 e Suas M\u00eddias<\/a><\/h5>\n<p>&nbsp;<\/p>\n<h5 style=\"text-align: center;\"><a href=\"https:\/\/forms.gle\/1VgTuX2e9pNhQvxw8\">Camb\u00e9 Circula Filme II<\/a><\/h5>\n<p>&nbsp;<\/p>\n<h5 style=\"text-align: center;\"><a href=\"https:\/\/forms.gle\/BTQEYe9s2b4GGVSu8\">Camb\u00e9 Circula Cultura<\/a><\/h5>\n<p>&nbsp;<\/p>\n<h5 style=\"text-align: center;\"><a href=\"https:\/\/forms.gle\/DtQUBFKdYp8eAQ5j6\">Pr\u00eamio Danziger Hof<\/a><\/h5>\n","protected":false},"excerpt":{"rendered":"<p>Escolha uma da op\u00e7\u00f5es abaixo para efetuar sua inscri\u00e7\u00e3o &nbsp; Camb\u00e9 e Suas Mem\u00f3rias I &nbsp; Camb\u00e9 Circula Filme I &nbsp; Camb\u00e9 e Suas Mem\u00f3rias II &nbsp; Camb\u00e9 Em 1 Minuto &nbsp; Camb\u00e9 e Suas Hist\u00f3rias &nbsp; Camb\u00e9 e Suas M\u00eddias &nbsp; Camb\u00e9 Circula Filme II &nbsp; Camb\u00e9 Circula Cultura &nbsp; Pr\u00eamio Danziger Hof<\/p>\n","protected":false},"author":1,"featured_media":0,"parent":3512,"menu_order":0,"comment_status":"closed","ping_status":"closed","template":"","meta":{"ngg_post_thumbnail":0,"footnotes":""},"class_list":["post-12600","page","type-page","status-publish","hentry"],"yoast_head":"<!-- This site is optimized with the Yoast SEO plugin v25.2 - https:\/\/yoast.com\/wordpress\/plugins\/seo\/ -->\n<title>Inscri\u00e7\u00f5es (Lei Paulo Gustavo) - Prefeitura de Camb\u00e9<\/title>\n<meta name=\"robots\" content=\"index, follow, max-snippet:-1, max-image-preview:large, max-video-preview:-1\" \/>\n<link rel=\"canonical\" href=\"https:\/\/www.cambe.pr.gov.br\/index.php\/secretarias\/secretarias\/cultura\/inscricoes-lei-paulo-gustavo\/\" \/>\n<meta property=\"og:locale\" content=\"pt_BR\" \/>\n<meta property=\"og:type\" content=\"article\" \/>\n<meta property=\"og:title\" content=\"Inscri\u00e7\u00f5es (Lei Paulo Gustavo) - Prefeitura de Camb\u00e9\" \/>\n<meta property=\"og:description\" content=\"Escolha uma da op\u00e7\u00f5es abaixo para efetuar sua inscri\u00e7\u00e3o &nbsp; Camb\u00e9 e Suas Mem\u00f3rias I &nbsp; Camb\u00e9 Circula Filme I &nbsp; Camb\u00e9 e Suas Mem\u00f3rias II &nbsp; Camb\u00e9 Em 1 Minuto &nbsp; Camb\u00e9 e Suas Hist\u00f3rias &nbsp; Camb\u00e9 e Suas M\u00eddias &nbsp; Camb\u00e9 Circula Filme II &nbsp; Camb\u00e9 Circula Cultura &nbsp; Pr\u00eamio Danziger Hof\" \/>\n<meta property=\"og:url\" content=\"https:\/\/www.cambe.pr.gov.br\/index.php\/secretarias\/secretarias\/cultura\/inscricoes-lei-paulo-gustavo\/\" \/>\n<meta property=\"og:site_name\" content=\"Prefeitura de Camb\u00e9\" \/>\n<meta property=\"article:publisher\" content=\"https:\/\/m.facebook.com\/prefeituradecambe\" \/>\n<meta property=\"article:modified_time\" content=\"2023-10-26T12:00:37+00:00\" \/>\n<meta property=\"og:image\" content=\"https:\/\/www.cambe.pr.gov.br\/wp-content\/uploads\/2021\/02\/Brasao_Prefeitura_21-24.png\" \/>\n\t<meta property=\"og:image:width\" content=\"602\" \/>\n\t<meta property=\"og:image:height\" content=\"86\" \/>\n\t<meta property=\"og:image:type\" content=\"image\/png\" \/>\n<meta name=\"twitter:card\" content=\"summary_large_image\" \/>\n<script type=\"application\/ld+json\" class=\"yoast-schema-graph\">{\"@context\":\"https:\/\/schema.org\",\"@graph\":[{\"@type\":\"WebPage\",\"@id\":\"https:\/\/www.cambe.pr.gov.br\/index.php\/secretarias\/secretarias\/cultura\/inscricoes-lei-paulo-gustavo\/\",\"url\":\"https:\/\/www.cambe.pr.gov.br\/index.php\/secretarias\/secretarias\/cultura\/inscricoes-lei-paulo-gustavo\/\",\"name\":\"Inscri\u00e7\u00f5es (Lei Paulo Gustavo) - Prefeitura de Camb\u00e9\",\"isPartOf\":{\"@id\":\"https:\/\/www.cambe.pr.gov.br\/#website\"},\"datePublished\":\"2023-10-26T11:55:55+00:00\",\"dateModified\":\"2023-10-26T12:00:37+00:00\",\"breadcrumb\":{\"@id\":\"https:\/\/www.cambe.pr.gov.br\/index.php\/secretarias\/secretarias\/cultura\/inscricoes-lei-paulo-gustavo\/#breadcrumb\"},\"inLanguage\":\"pt-BR\",\"potentialAction\":[{\"@type\":\"ReadAction\",\"target\":[\"https:\/\/www.cambe.pr.gov.br\/index.php\/secretarias\/secretarias\/cultura\/inscricoes-lei-paulo-gustavo\/\"]}]},{\"@type\":\"BreadcrumbList\",\"@id\":\"https:\/\/www.cambe.pr.gov.br\/index.php\/secretarias\/secretarias\/cultura\/inscricoes-lei-paulo-gustavo\/#breadcrumb\",\"itemListElement\":[{\"@type\":\"ListItem\",\"position\":1,\"name\":\"In\u00edcio\",\"item\":\"https:\/\/www.cambe.pr.gov.br\/\"},{\"@type\":\"ListItem\",\"position\":2,\"name\":\"Estrutura Administrativa\",\"item\":\"https:\/\/www.cambe.pr.gov.br\/index.php\/secretarias\/\"},{\"@type\":\"ListItem\",\"position\":3,\"name\":\"Secretarias\",\"item\":\"https:\/\/www.cambe.pr.gov.br\/index.php\/secretarias\/secretarias\/\"},{\"@type\":\"ListItem\",\"position\":4,\"name\":\"Cultura\",\"item\":\"https:\/\/www.cambe.pr.gov.br\/index.php\/secretarias\/secretarias\/cultura\/\"},{\"@type\":\"ListItem\",\"position\":5,\"name\":\"Inscri\u00e7\u00f5es (Lei Paulo Gustavo)\"}]},{\"@type\":\"WebSite\",\"@id\":\"https:\/\/www.cambe.pr.gov.br\/#website\",\"url\":\"https:\/\/www.cambe.pr.gov.br\/\",\"name\":\"Prefeitura de Camb\u00e9\",\"description\":\"UM GOVERNO PARA TODOS\",\"publisher\":{\"@id\":\"https:\/\/www.cambe.pr.gov.br\/#organization\"},\"potentialAction\":[{\"@type\":\"SearchAction\",\"target\":{\"@type\":\"EntryPoint\",\"urlTemplate\":\"https:\/\/www.cambe.pr.gov.br\/?s={search_term_string}\"},\"query-input\":{\"@type\":\"PropertyValueSpecification\",\"valueRequired\":true,\"valueName\":\"search_term_string\"}}],\"inLanguage\":\"pt-BR\"},{\"@type\":\"Organization\",\"@id\":\"https:\/\/www.cambe.pr.gov.br\/#organization\",\"name\":\"Prefeitura de Camb\u00e9\",\"url\":\"https:\/\/www.cambe.pr.gov.br\/\",\"logo\":{\"@type\":\"ImageObject\",\"inLanguage\":\"pt-BR\",\"@id\":\"https:\/\/www.cambe.pr.gov.br\/#\/schema\/logo\/image\/\",\"url\":\"https:\/\/www.cambe.pr.gov.br\/wp-content\/uploads\/2021\/01\/cropped-cropped-cambe_brazao-icone.png\",\"contentUrl\":\"https:\/\/www.cambe.pr.gov.br\/wp-content\/uploads\/2021\/01\/cropped-cropped-cambe_brazao-icone.png\",\"width\":240,\"height\":240,\"caption\":\"Prefeitura de Camb\u00e9\"},\"image\":{\"@id\":\"https:\/\/www.cambe.pr.gov.br\/#\/schema\/logo\/image\/\"},\"sameAs\":[\"https:\/\/m.facebook.com\/prefeituradecambe\"]}]}<\/script>\n<!-- \/ Yoast SEO plugin. -->","yoast_head_json":{"title":"Inscri\u00e7\u00f5es (Lei Paulo Gustavo) - Prefeitura de Camb\u00e9","robots":{"index":"index","follow":"follow","max-snippet":"max-snippet:-1","max-image-preview":"max-image-preview:large","max-video-preview":"max-video-preview:-1"},"canonical":"https:\/\/www.cambe.pr.gov.br\/index.php\/secretarias\/secretarias\/cultura\/inscricoes-lei-paulo-gustavo\/","og_locale":"pt_BR","og_type":"article","og_title":"Inscri\u00e7\u00f5es (Lei Paulo Gustavo) - Prefeitura de Camb\u00e9","og_description":"Escolha uma da op\u00e7\u00f5es abaixo para efetuar sua inscri\u00e7\u00e3o &nbsp; Camb\u00e9 e Suas Mem\u00f3rias I &nbsp; Camb\u00e9 Circula Filme I &nbsp; Camb\u00e9 e Suas Mem\u00f3rias II &nbsp; Camb\u00e9 Em 1 Minuto &nbsp; Camb\u00e9 e Suas Hist\u00f3rias &nbsp; Camb\u00e9 e Suas M\u00eddias &nbsp; Camb\u00e9 Circula Filme II &nbsp; Camb\u00e9 Circula Cultura &nbsp; Pr\u00eamio Danziger Hof","og_url":"https:\/\/www.cambe.pr.gov.br\/index.php\/secretarias\/secretarias\/cultura\/inscricoes-lei-paulo-gustavo\/","og_site_name":"Prefeitura de Camb\u00e9","article_publisher":"https:\/\/m.facebook.com\/prefeituradecambe","article_modified_time":"2023-10-26T12:00:37+00:00","og_image":[{"width":602,"height":86,"url":"https:\/\/www.cambe.pr.gov.br\/wp-content\/uploads\/2021\/02\/Brasao_Prefeitura_21-24.png","type":"image\/png"}],"twitter_card":"summary_large_image","schema":{"@context":"https:\/\/schema.org","@graph":[{"@type":"WebPage","@id":"https:\/\/www.cambe.pr.gov.br\/index.php\/secretarias\/secretarias\/cultura\/inscricoes-lei-paulo-gustavo\/","url":"https:\/\/www.cambe.pr.gov.br\/index.php\/secretarias\/secretarias\/cultura\/inscricoes-lei-paulo-gustavo\/","name":"Inscri\u00e7\u00f5es (Lei Paulo Gustavo) - Prefeitura de Camb\u00e9","isPartOf":{"@id":"https:\/\/www.cambe.pr.gov.br\/#website"},"datePublished":"2023-10-26T11:55:55+00:00","dateModified":"2023-10-26T12:00:37+00:00","breadcrumb":{"@id":"https:\/\/www.cambe.pr.gov.br\/index.php\/secretarias\/secretarias\/cultura\/inscricoes-lei-paulo-gustavo\/#breadcrumb"},"inLanguage":"pt-BR","potentialAction":[{"@type":"ReadAction","target":["https:\/\/www.cambe.pr.gov.br\/index.php\/secretarias\/secretarias\/cultura\/inscricoes-lei-paulo-gustavo\/"]}]},{"@type":"BreadcrumbList","@id":"https:\/\/www.cambe.pr.gov.br\/index.php\/secretarias\/secretarias\/cultura\/inscricoes-lei-paulo-gustavo\/#breadcrumb","itemListElement":[{"@type":"ListItem","position":1,"name":"In\u00edcio","item":"https:\/\/www.cambe.pr.gov.br\/"},{"@type":"ListItem","position":2,"name":"Estrutura Administrativa","item":"https:\/\/www.cambe.pr.gov.br\/index.php\/secretarias\/"},{"@type":"ListItem","position":3,"name":"Secretarias","item":"https:\/\/www.cambe.pr.gov.br\/index.php\/secretarias\/secretarias\/"},{"@type":"ListItem","position":4,"name":"Cultura","item":"https:\/\/www.cambe.pr.gov.br\/index.php\/secretarias\/secretarias\/cultura\/"},{"@type":"ListItem","position":5,"name":"Inscri\u00e7\u00f5es (Lei Paulo Gustavo)"}]},{"@type":"WebSite","@id":"https:\/\/www.cambe.pr.gov.br\/#website","url":"https:\/\/www.cambe.pr.gov.br\/","name":"Prefeitura de Camb\u00e9","description":"UM GOVERNO PARA TODOS","publisher":{"@id":"https:\/\/www.cambe.pr.gov.br\/#organization"},"potentialAction":[{"@type":"SearchAction","target":{"@type":"EntryPoint","urlTemplate":"https:\/\/www.cambe.pr.gov.br\/?s={search_term_string}"},"query-input":{"@type":"PropertyValueSpecification","valueRequired":true,"valueName":"search_term_string"}}],"inLanguage":"pt-BR"},{"@type":"Organization","@id":"https:\/\/www.cambe.pr.gov.br\/#organization","name":"Prefeitura de Camb\u00e9","url":"https:\/\/www.cambe.pr.gov.br\/","logo":{"@type":"ImageObject","inLanguage":"pt-BR","@id":"https:\/\/www.cambe.pr.gov.br\/#\/schema\/logo\/image\/","url":"https:\/\/www.cambe.pr.gov.br\/wp-content\/uploads\/2021\/01\/cropped-cropped-cambe_brazao-icone.png","contentUrl":"https:\/\/www.cambe.pr.gov.br\/wp-content\/uploads\/2021\/01\/cropped-cropped-cambe_brazao-icone.png","width":240,"height":240,"caption":"Prefeitura de Camb\u00e9"},"image":{"@id":"https:\/\/www.cambe.pr.gov.br\/#\/schema\/logo\/image\/"},"sameAs":["https:\/\/m.facebook.com\/prefeituradecambe"]}]}},"_links":{"self":[{"href":"https:\/\/www.cambe.pr.gov.br\/index.php\/wp-json\/wp\/v2\/pages\/12600","targetHints":{"allow":["GET"]}}],"collection":[{"href":"https:\/\/www.cambe.pr.gov.br\/index.php\/wp-json\/wp\/v2\/pages"}],"about":[{"href":"https:\/\/www.cambe.pr.gov.br\/index.php\/wp-json\/wp\/v2\/types\/page"}],"author":[{"embeddable":true,"href":"https:\/\/www.cambe.pr.gov.br\/index.php\/wp-json\/wp\/v2\/users\/1"}],"replies":[{"embeddable":true,"href":"https:\/\/www.cambe.pr.gov.br\/index.php\/wp-json\/wp\/v2\/comments?post=12600"}],"version-history":[{"count":4,"href":"https:\/\/www.cambe.pr.gov.br\/index.php\/wp-json\/wp\/v2\/pages\/12600\/revisions"}],"predecessor-version":[{"id":12607,"href":"https:\/\/www.cambe.pr.gov.br\/index.php\/wp-json\/wp\/v2\/pages\/12600\/revisions\/12607"}],"up":[{"embeddable":true,"href":"https:\/\/www.cambe.pr.gov.br\/index.php\/wp-json\/wp\/v2\/pages\/3512"}],"wp:attachment":[{"href":"https:\/\/www.cambe.pr.gov.br\/index.php\/wp-json\/wp\/v2\/media?parent=12600"}],"curies":[{"name":"wp","href":"https:\/\/api.w.org\/{rel}","templated":true}]}}