{"id":11504,"date":"2023-08-07T16:17:16","date_gmt":"2023-08-07T19:17:16","guid":{"rendered":"http:\/\/www.cambe.pr.gov.br\/?page_id=11504"},"modified":"2024-05-15T09:31:37","modified_gmt":"2024-05-15T12:31:37","slug":"fiscalizacao-urbana","status":"publish","type":"page","link":"https:\/\/www.cambe.pr.gov.br\/index.php\/fiscalizacao-urbana\/","title":{"rendered":"Fiscaliza\u00e7\u00e3o Urbana"},"content":{"rendered":"\t\t<div data-elementor-type=\"wp-page\" data-elementor-id=\"11504\" class=\"elementor elementor-11504\">\n\t\t\t\t\t\t<section class=\"elementor-section elementor-top-section elementor-element elementor-element-db3b3da elementor-section-boxed elementor-section-height-default elementor-section-height-default\" data-id=\"db3b3da\" data-element_type=\"section\" data-e-type=\"section\">\n\t\t\t\t\t\t<div class=\"elementor-container elementor-column-gap-default\">\n\t\t\t\t\t<div class=\"elementor-column elementor-col-100 elementor-top-column elementor-element elementor-element-5d8ccd6\" data-id=\"5d8ccd6\" data-element_type=\"column\" data-e-type=\"column\">\n\t\t\t<div class=\"elementor-widget-wrap elementor-element-populated\">\n\t\t\t\t\t\t<div class=\"elementor-element elementor-element-4f3b8d3 elementor-widget elementor-widget-eael-adv-tabs\" data-id=\"4f3b8d3\" data-element_type=\"widget\" data-e-type=\"widget\" data-widget_type=\"eael-adv-tabs.default\">\n\t\t\t\t<div class=\"elementor-widget-container\">\n\t\t\t\t\t        <div data-scroll-on-click=\"no\" data-scroll-speed=\"300\" id=\"eael-advance-tabs-4f3b8d3\" class=\"eael-advance-tabs eael-tabs-vertical eael-tab-auto-active \" data-tabid=\"4f3b8d3\">\n            <div class=\"eael-tabs-nav \">\n                <ul class=\"eael-tab-inline-icon\" role=\"tablist\">\n                                            <li id=\"dados-gerais\" class=\"inactive eael-tab-item-trigger eael-tab-nav-item\" aria-selected=\"true\" data-tab=\"1\" role=\"tab\" tabindex=\"0\" aria-controls=\"dados-gerais-tab\" aria-expanded=\"false\">\n                            \n                                                                <i class=\"fas fa-home\"><\/i>                                                            \n                                                            <span class=\"eael-tab-title title-after-icon\" >Dados gerais<\/span>                            \n                                                    <\/li>\n                                            <li id=\"secretrio\" class=\"inactive eael-tab-item-trigger eael-tab-nav-item\" aria-selected=\"false\" data-tab=\"2\" role=\"tab\" tabindex=\"-1\" aria-controls=\"secretrio-tab\" aria-expanded=\"false\">\n                            \n                                                                <i class=\"far fa-user\"><\/i>                                                            \n                                                            <span class=\"eael-tab-title title-after-icon\" >Secret\u00e1rio<\/span>                            \n                                                    <\/li>\n                                            <li id=\"contato\" class=\"inactive eael-tab-item-trigger eael-tab-nav-item\" aria-selected=\"false\" data-tab=\"3\" role=\"tab\" tabindex=\"-1\" aria-controls=\"contato-tab\" aria-expanded=\"false\">\n                            \n                                                                <i class=\"fas fa-phone-alt\"><\/i>                                                            \n                                                            <span class=\"eael-tab-title title-after-icon\" >Contato<\/span>                            \n                                                    <\/li>\n                    \n                                  <\/ul>\n            <\/div>\n            \n            <div class=\"eael-tabs-content\">\n\t\t        \n                    <div id=\"dados-gerais-tab\" class=\"clearfix eael-tab-content-item inactive\" data-title-link=\"dados-gerais-tab\">\n\t\t\t\t        <p>Tem por finalidade promover a aplica\u00e7\u00e3o da legisla\u00e7\u00e3o de ordenamento do C\u00f3digo de Posturas Municipais, organizando e coordenando as a\u00e7\u00f5es de fiscaliza\u00e7\u00e3o de posturas no \u00e2mbito municipal, colocando em pr\u00e1tica os atos de poder de pol\u00edcia a todos os que descumprirem o C\u00f3digo de Posturas, sejam em estabelecimentos comerciais, industriais, casas e locais de entretenimento, fixas ou tempor\u00e1rias, fiscalizando e autuando quando verificadas inconsist\u00eancias na documenta\u00e7\u00e3o e na publicidade do estabelecimento, promovendo a apreens\u00e3o e embargo de atividades que contrariem o C\u00f3digo de Posturas, bem como executar outras atribui\u00e7\u00f5es compat\u00edveis com seu campo de atua\u00e7\u00e3o e estrutura.<\/p>                    <\/div>\n\t\t        \n                    <div id=\"secretrio-tab\" class=\"clearfix eael-tab-content-item inactive\" data-title-link=\"secretrio-tab\">\n\t\t\t\t        <p>Diogo Diniz Lopes Sola<\/p>                    <\/div>\n\t\t        \n                    <div id=\"contato-tab\" class=\"clearfix eael-tab-content-item inactive\" data-title-link=\"contato-tab\">\n\t\t\t\t        <p>E-mail:\u00a0posturas@cambe.pr.gov.br<\/p><p>Telefone:\u00a0(43) 3174-0359<\/p>                    <\/div>\n\t\t                    <\/div>\n        <\/div>\n\t\t\t\t<\/div>\n\t\t\t\t<\/div>\n\t\t\t\t\t<\/div>\n\t\t<\/div>\n\t\t\t\t\t<\/div>\n\t\t<\/section>\n\t\t\t\t<\/div>\n\t\t","protected":false},"excerpt":{"rendered":"<p>Dados gerais Secret\u00e1rio Contato Tem por finalidade promover a aplica\u00e7\u00e3o da legisla\u00e7\u00e3o de ordenamento do C\u00f3digo de Posturas Municipais, organizando e coordenando as a\u00e7\u00f5es de fiscaliza\u00e7\u00e3o de posturas no \u00e2mbito municipal, colocando em pr\u00e1tica os atos de poder de pol\u00edcia a todos os que descumprirem o C\u00f3digo de Posturas, sejam em estabelecimentos comerciais, industriais, casas [&hellip;]<\/p>\n","protected":false},"author":2,"featured_media":0,"parent":0,"menu_order":0,"comment_status":"closed","ping_status":"closed","template":"","meta":{"ngg_post_thumbnail":0,"footnotes":""},"class_list":["post-11504","page","type-page","status-publish","hentry"],"yoast_head":"<!-- This site is optimized with the Yoast SEO plugin v27.4 - https:\/\/yoast.com\/product\/yoast-seo-wordpress\/ -->\n<title>Fiscaliza\u00e7\u00e3o Urbana - Prefeitura de Camb\u00e9<\/title>\n<meta name=\"robots\" content=\"index, follow, max-snippet:-1, max-image-preview:large, max-video-preview:-1\" \/>\n<link rel=\"canonical\" href=\"https:\/\/www.cambe.pr.gov.br\/index.php\/fiscalizacao-urbana\/\" \/>\n<meta property=\"og:locale\" content=\"pt_BR\" \/>\n<meta property=\"og:type\" content=\"article\" \/>\n<meta property=\"og:title\" content=\"Fiscaliza\u00e7\u00e3o Urbana - Prefeitura de Camb\u00e9\" \/>\n<meta property=\"og:description\" content=\"Dados gerais Secret\u00e1rio Contato Tem por finalidade promover a aplica\u00e7\u00e3o da legisla\u00e7\u00e3o de ordenamento do C\u00f3digo de Posturas Municipais, organizando e coordenando as a\u00e7\u00f5es de fiscaliza\u00e7\u00e3o de posturas no \u00e2mbito municipal, colocando em pr\u00e1tica os atos de poder de pol\u00edcia a todos os que descumprirem o C\u00f3digo de Posturas, sejam em estabelecimentos comerciais, industriais, casas [&hellip;]\" \/>\n<meta property=\"og:url\" content=\"https:\/\/www.cambe.pr.gov.br\/index.php\/fiscalizacao-urbana\/\" \/>\n<meta property=\"og:site_name\" content=\"Prefeitura de Camb\u00e9\" \/>\n<meta property=\"article:publisher\" content=\"https:\/\/m.facebook.com\/prefeituradecambe\" \/>\n<meta property=\"article:modified_time\" content=\"2024-05-15T12:31:37+00:00\" \/>\n<meta property=\"og:image\" content=\"https:\/\/www.cambe.pr.gov.br\/wp-content\/uploads\/2021\/02\/Brasao_Prefeitura_21-24.png\" \/>\n\t<meta property=\"og:image:width\" content=\"602\" \/>\n\t<meta property=\"og:image:height\" content=\"86\" \/>\n\t<meta property=\"og:image:type\" content=\"image\/png\" \/>\n<meta name=\"twitter:card\" content=\"summary_large_image\" \/>\n<meta name=\"twitter:label1\" content=\"Est. tempo de leitura\" \/>\n\t<meta name=\"twitter:data1\" content=\"1 minuto\" \/>\n<script type=\"application\/ld+json\" class=\"yoast-schema-graph\">{\"@context\":\"https:\\\/\\\/schema.org\",\"@graph\":[{\"@type\":\"WebPage\",\"@id\":\"https:\\\/\\\/www.cambe.pr.gov.br\\\/index.php\\\/fiscalizacao-urbana\\\/\",\"url\":\"https:\\\/\\\/www.cambe.pr.gov.br\\\/index.php\\\/fiscalizacao-urbana\\\/\",\"name\":\"Fiscaliza\u00e7\u00e3o Urbana - Prefeitura de Camb\u00e9\",\"isPartOf\":{\"@id\":\"https:\\\/\\\/www.cambe.pr.gov.br\\\/#website\"},\"datePublished\":\"2023-08-07T19:17:16+00:00\",\"dateModified\":\"2024-05-15T12:31:37+00:00\",\"breadcrumb\":{\"@id\":\"https:\\\/\\\/www.cambe.pr.gov.br\\\/index.php\\\/fiscalizacao-urbana\\\/#breadcrumb\"},\"inLanguage\":\"pt-BR\",\"potentialAction\":[{\"@type\":\"ReadAction\",\"target\":[\"https:\\\/\\\/www.cambe.pr.gov.br\\\/index.php\\\/fiscalizacao-urbana\\\/\"]}]},{\"@type\":\"BreadcrumbList\",\"@id\":\"https:\\\/\\\/www.cambe.pr.gov.br\\\/index.php\\\/fiscalizacao-urbana\\\/#breadcrumb\",\"itemListElement\":[{\"@type\":\"ListItem\",\"position\":1,\"name\":\"In\u00edcio\",\"item\":\"https:\\\/\\\/www.cambe.pr.gov.br\\\/\"},{\"@type\":\"ListItem\",\"position\":2,\"name\":\"Fiscaliza\u00e7\u00e3o Urbana\"}]},{\"@type\":\"WebSite\",\"@id\":\"https:\\\/\\\/www.cambe.pr.gov.br\\\/#website\",\"url\":\"https:\\\/\\\/www.cambe.pr.gov.br\\\/\",\"name\":\"Prefeitura de Camb\u00e9\",\"description\":\"UM GOVERNO PARA TODOS\",\"publisher\":{\"@id\":\"https:\\\/\\\/www.cambe.pr.gov.br\\\/#organization\"},\"potentialAction\":[{\"@type\":\"SearchAction\",\"target\":{\"@type\":\"EntryPoint\",\"urlTemplate\":\"https:\\\/\\\/www.cambe.pr.gov.br\\\/?s={search_term_string}\"},\"query-input\":{\"@type\":\"PropertyValueSpecification\",\"valueRequired\":true,\"valueName\":\"search_term_string\"}}],\"inLanguage\":\"pt-BR\"},{\"@type\":\"Organization\",\"@id\":\"https:\\\/\\\/www.cambe.pr.gov.br\\\/#organization\",\"name\":\"Prefeitura de Camb\u00e9\",\"url\":\"https:\\\/\\\/www.cambe.pr.gov.br\\\/\",\"logo\":{\"@type\":\"ImageObject\",\"inLanguage\":\"pt-BR\",\"@id\":\"https:\\\/\\\/www.cambe.pr.gov.br\\\/#\\\/schema\\\/logo\\\/image\\\/\",\"url\":\"https:\\\/\\\/www.cambe.pr.gov.br\\\/wp-content\\\/uploads\\\/2021\\\/01\\\/cropped-cropped-cambe_brazao-icone.png\",\"contentUrl\":\"https:\\\/\\\/www.cambe.pr.gov.br\\\/wp-content\\\/uploads\\\/2021\\\/01\\\/cropped-cropped-cambe_brazao-icone.png\",\"width\":240,\"height\":240,\"caption\":\"Prefeitura de Camb\u00e9\"},\"image\":{\"@id\":\"https:\\\/\\\/www.cambe.pr.gov.br\\\/#\\\/schema\\\/logo\\\/image\\\/\"},\"sameAs\":[\"https:\\\/\\\/m.facebook.com\\\/prefeituradecambe\"]}]}<\/script>\n<!-- \/ Yoast SEO plugin. -->","yoast_head_json":{"title":"Fiscaliza\u00e7\u00e3o Urbana - Prefeitura de Camb\u00e9","robots":{"index":"index","follow":"follow","max-snippet":"max-snippet:-1","max-image-preview":"max-image-preview:large","max-video-preview":"max-video-preview:-1"},"canonical":"https:\/\/www.cambe.pr.gov.br\/index.php\/fiscalizacao-urbana\/","og_locale":"pt_BR","og_type":"article","og_title":"Fiscaliza\u00e7\u00e3o Urbana - Prefeitura de Camb\u00e9","og_description":"Dados gerais Secret\u00e1rio Contato Tem por finalidade promover a aplica\u00e7\u00e3o da legisla\u00e7\u00e3o de ordenamento do C\u00f3digo de Posturas Municipais, organizando e coordenando as a\u00e7\u00f5es de fiscaliza\u00e7\u00e3o de posturas no \u00e2mbito municipal, colocando em pr\u00e1tica os atos de poder de pol\u00edcia a todos os que descumprirem o C\u00f3digo de Posturas, sejam em estabelecimentos comerciais, industriais, casas [&hellip;]","og_url":"https:\/\/www.cambe.pr.gov.br\/index.php\/fiscalizacao-urbana\/","og_site_name":"Prefeitura de Camb\u00e9","article_publisher":"https:\/\/m.facebook.com\/prefeituradecambe","article_modified_time":"2024-05-15T12:31:37+00:00","og_image":[{"width":602,"height":86,"url":"https:\/\/www.cambe.pr.gov.br\/wp-content\/uploads\/2021\/02\/Brasao_Prefeitura_21-24.png","type":"image\/png"}],"twitter_card":"summary_large_image","twitter_misc":{"Est. tempo de leitura":"1 minuto"},"schema":{"@context":"https:\/\/schema.org","@graph":[{"@type":"WebPage","@id":"https:\/\/www.cambe.pr.gov.br\/index.php\/fiscalizacao-urbana\/","url":"https:\/\/www.cambe.pr.gov.br\/index.php\/fiscalizacao-urbana\/","name":"Fiscaliza\u00e7\u00e3o Urbana - Prefeitura de Camb\u00e9","isPartOf":{"@id":"https:\/\/www.cambe.pr.gov.br\/#website"},"datePublished":"2023-08-07T19:17:16+00:00","dateModified":"2024-05-15T12:31:37+00:00","breadcrumb":{"@id":"https:\/\/www.cambe.pr.gov.br\/index.php\/fiscalizacao-urbana\/#breadcrumb"},"inLanguage":"pt-BR","potentialAction":[{"@type":"ReadAction","target":["https:\/\/www.cambe.pr.gov.br\/index.php\/fiscalizacao-urbana\/"]}]},{"@type":"BreadcrumbList","@id":"https:\/\/www.cambe.pr.gov.br\/index.php\/fiscalizacao-urbana\/#breadcrumb","itemListElement":[{"@type":"ListItem","position":1,"name":"In\u00edcio","item":"https:\/\/www.cambe.pr.gov.br\/"},{"@type":"ListItem","position":2,"name":"Fiscaliza\u00e7\u00e3o Urbana"}]},{"@type":"WebSite","@id":"https:\/\/www.cambe.pr.gov.br\/#website","url":"https:\/\/www.cambe.pr.gov.br\/","name":"Prefeitura de Camb\u00e9","description":"UM GOVERNO PARA TODOS","publisher":{"@id":"https:\/\/www.cambe.pr.gov.br\/#organization"},"potentialAction":[{"@type":"SearchAction","target":{"@type":"EntryPoint","urlTemplate":"https:\/\/www.cambe.pr.gov.br\/?s={search_term_string}"},"query-input":{"@type":"PropertyValueSpecification","valueRequired":true,"valueName":"search_term_string"}}],"inLanguage":"pt-BR"},{"@type":"Organization","@id":"https:\/\/www.cambe.pr.gov.br\/#organization","name":"Prefeitura de Camb\u00e9","url":"https:\/\/www.cambe.pr.gov.br\/","logo":{"@type":"ImageObject","inLanguage":"pt-BR","@id":"https:\/\/www.cambe.pr.gov.br\/#\/schema\/logo\/image\/","url":"https:\/\/www.cambe.pr.gov.br\/wp-content\/uploads\/2021\/01\/cropped-cropped-cambe_brazao-icone.png","contentUrl":"https:\/\/www.cambe.pr.gov.br\/wp-content\/uploads\/2021\/01\/cropped-cropped-cambe_brazao-icone.png","width":240,"height":240,"caption":"Prefeitura de Camb\u00e9"},"image":{"@id":"https:\/\/www.cambe.pr.gov.br\/#\/schema\/logo\/image\/"},"sameAs":["https:\/\/m.facebook.com\/prefeituradecambe"]}]}},"_links":{"self":[{"href":"https:\/\/www.cambe.pr.gov.br\/index.php\/wp-json\/wp\/v2\/pages\/11504","targetHints":{"allow":["GET"]}}],"collection":[{"href":"https:\/\/www.cambe.pr.gov.br\/index.php\/wp-json\/wp\/v2\/pages"}],"about":[{"href":"https:\/\/www.cambe.pr.gov.br\/index.php\/wp-json\/wp\/v2\/types\/page"}],"author":[{"embeddable":true,"href":"https:\/\/www.cambe.pr.gov.br\/index.php\/wp-json\/wp\/v2\/users\/2"}],"replies":[{"embeddable":true,"href":"https:\/\/www.cambe.pr.gov.br\/index.php\/wp-json\/wp\/v2\/comments?post=11504"}],"version-history":[{"count":6,"href":"https:\/\/www.cambe.pr.gov.br\/index.php\/wp-json\/wp\/v2\/pages\/11504\/revisions"}],"predecessor-version":[{"id":14545,"href":"https:\/\/www.cambe.pr.gov.br\/index.php\/wp-json\/wp\/v2\/pages\/11504\/revisions\/14545"}],"wp:attachment":[{"href":"https:\/\/www.cambe.pr.gov.br\/index.php\/wp-json\/wp\/v2\/media?parent=11504"}],"curies":[{"name":"wp","href":"https:\/\/api.w.org\/{rel}","templated":true}]}}